{"id":2235,"date":"2023-04-29T00:52:56","date_gmt":"2023-04-28T22:52:56","guid":{"rendered":"https:\/\/noclegioswiecim.eu\/politika-vyjadrovania-nazorov\/"},"modified":"2024-03-20T13:50:16","modified_gmt":"2024-03-20T12:50:16","slug":"politika-vyjadrovania-nazorov","status":"publish","type":"page","link":"https:\/\/noclegioswiecim.eu\/sk\/politika-vyjadrovania-nazorov\/","title":{"rendered":"Politika vyjadrovania n\u00e1zorov"},"content":{"rendered":"<div class=\"fusion-fullwidth fullwidth-box fusion-builder-row-1 fusion-flex-container has-pattern-background has-mask-background p-default nonhundred-percent-fullwidth non-hundred-percent-height-scrolling\" style=\"--awb-border-radius-top-left:0px;--awb-border-radius-top-right:0px;--awb-border-radius-bottom-right:0px;--awb-border-radius-bottom-left:0px;--awb-flex-wrap:wrap;\" ><div class=\"fusion-builder-row fusion-row fusion-flex-align-items-flex-start fusion-flex-content-wrap\" style=\"max-width:1352px;margin-left: calc(-4% \/ 2 );margin-right: calc(-4% \/ 2 );\"><div class=\"fusion-layout-column fusion_builder_column fusion-builder-column-0 fusion_builder_column_1_1 1_1 fusion-flex-column\" style=\"--awb-bg-size:cover;--awb-width-large:100%;--awb-margin-top-large:0px;--awb-spacing-right-large:1.92%;--awb-margin-bottom-large:0px;--awb-spacing-left-large:1.92%;--awb-width-medium:100%;--awb-spacing-right-medium:1.92%;--awb-spacing-left-medium:1.92%;--awb-width-small:100%;--awb-spacing-right-small:1.92%;--awb-spacing-left-small:1.92%;\"><div class=\"fusion-column-wrapper fusion-flex-justify-content-flex-start fusion-content-layout-column\"><div class=\"fusion-text fusion-text-1\"><h3>Je super, \u017ee ste tam, preto\u017ee.<\/h3>\n<p>&#8230;na\u0161\u00edm poslan\u00edm je poskytn\u00fa\u0165 v\u00e1m maxim\u00e1lny pou\u017e\u00edvate\u013esk\u00fd z\u00e1\u017eitok v podobe \u00faplnej transparentnosti na na\u0161ich webov\u00fdch str\u00e1nkach. Odpor\u00fa\u010dame v\u00e1m, aby ste sa dozvedeli viac o obsahu k\u013e\u00fa\u010dov\u00fdch dokumentov, ktor\u00e9 boli vytvoren\u00e9 s oh\u013eadom na va\u0161e pr\u00e1va a potreby. N\u00e1jdete v nich inform\u00e1cie o tom, ak\u00e9 pravidl\u00e1 ovplyv\u0148uj\u00fa prezent\u00e1ciu obsahu na na\u0161ich webov\u00fdch str\u00e1nkach, a dozviete sa aj viac o uverej\u0148ovan\u00ed recenzi\u00ed z\u00e1kazn\u00edkov na na\u0161ich webov\u00fdch str\u00e1nkach.<\/p>\n<h3>N\u00e1zory prezentovan\u00e9 na na\u0161ej webovej str\u00e1nke<\/h3>\n<p>Nav\u0161t\u00edven\u00edm str\u00e1nky noclegioswiecim.eu m\u00e1te mo\u017enos\u0165 pre\u010d\u00edta\u0165 si mno\u017estvo z\u00e1kazn\u00edckych recenzi\u00ed, ktor\u00e9 vytvorili na\u0161i z\u00e1kazn\u00edci pri hodnoten\u00ed na\u0161ich slu\u017eieb a\/alebo produktov. V\u0161etky recenzie s\u00fa poskytovan\u00e9 zo zn\u00e1mych slu\u017eieb tret\u00edch str\u00e1n, konkr\u00e9tne z recenzi\u00ed Google a recenzi\u00ed na Facebooku.<\/p>\n<p>Prezentovan\u00e9 n\u00e1zory v\u00e1m m\u00f4\u017eu poskytn\u00fa\u0165 cenn\u00e9 inform\u00e1cie o tom, ako pracujeme a \u010do si o n\u00e1s myslia ostatn\u00ed. Vieme tie\u017e, \u017ee pri v\u00fdbere ubytovania, ktor\u00e9 vyhovuje va\u0161im potreb\u00e1m, sa chcete rozhodova\u0165 na z\u00e1klade inform\u00e1ci\u00ed. Preto rob\u00edme v\u0161etko pre to, aby<strong> prezentovan\u00e9 n\u00e1zory vyjadrovali len skuto\u010dn\u00e9 pocity na\u0161ich z\u00e1kazn\u00edkov a obchodn\u00fdch partnerov<\/strong>.<\/p>\n<p>Preto s\u00fa v\u0161etky n\u00e1zory, ktor\u00e9 boli uverejnen\u00e9 na na\u0161ich webov\u00fdch str\u00e1nkach, overen\u00e9 v\u00fdhradne poskytovate\u013emi tret\u00edch str\u00e1n, ako s\u00fa napr\u00edklad Google Opinions a Facebook Opinions. Chceme v\u00e1s ubezpe\u010di\u0165, \u017ee na na\u0161ich webov\u00fdch str\u00e1nkach nezverej\u0148ujeme \u017eiadne n\u00e1zory, ktor\u00e9 boli vytvoren\u00e9 v na\u0161om mene.<\/p>\n<h3>Proces presk\u00famania stanoviska<\/h3>\n<p>Na\u0161e ubytovacie zariadenie nevykon\u00e1va \u017eiadne aktivity na ovplyvnenie prezentovan\u00fdch recenzi\u00ed, preto\u017ee tie s\u00fa automaticky overovan\u00e9 a zverej\u0148ovan\u00e9 extern\u00fdmi poskytovate\u013emi, konkr\u00e9tne vy\u0161\u0161ie uveden\u00fdmi slu\u017ebami Google a Facebook. Preto na na\u0161ich webov\u00fdch str\u00e1nkach uvid\u00edte len to, \u010do si o n\u00e1s myslia pou\u017e\u00edvatelia uveden\u00fdch platforiem. Je to jednoduch\u00e9 a \u00faprimn\u00e9 rie\u0161enie &#8211; ver\u00edme, \u017ee aj vy zdie\u013eate n\u00e1\u0161 n\u00e1zor.<\/p>\n<p>D\u00fafame, \u017ee predlo\u017een\u00e9 n\u00e1zory v\u00e1m poskytn\u00fa potrebn\u00e9 inform\u00e1cie o mo\u017enostiach a kvalite spolupr\u00e1ce s nami \u00fapln\u00fdm a spo\u013eahliv\u00fdm sp\u00f4sobom. Okrem toho v\u00e1m umo\u017enia prija\u0165 informovan\u00e9 rozhodnutie o pou\u017e\u00edvan\u00ed na\u0161ich slu\u017eieb a\/alebo produktov.<\/p>\n<p><strong>Sme otvoren\u00ed konverz\u00e1cii, tak\u017ee ak m\u00e1te nejak\u00e9 ot\u00e1zky, <\/strong><a href=\"https:\/\/noclegioswiecim.eu\/sk\/?page_id=2236\">nev\u00e1hajte n\u00e1s kontaktova\u0165.<\/a><\/p>\n<p>T\u00edm Comfort Apartments<\/p>\n<\/div><\/div><\/div><\/div><\/div>\n","protected":false},"excerpt":{"rendered":"","protected":false},"author":1,"featured_media":0,"parent":0,"menu_order":0,"comment_status":"closed","ping_status":"closed","template":"","meta":{"footnotes":""},"class_list":["post-2235","page","type-page","status-publish","hentry"],"yoast_head":"<!-- This site is optimized with the Yoast SEO plugin v27.5 - https:\/\/yoast.com\/product\/yoast-seo-wordpress\/ -->\n<title>Politika vyjadrovania n\u00e1zorov - Comfort Apartments<\/title>\n<meta name=\"robots\" content=\"index, follow, max-snippet:-1, max-image-preview:large, max-video-preview:-1\" \/>\n<link rel=\"canonical\" href=\"https:\/\/noclegioswiecim.eu\/sk\/politika-vyjadrovania-nazorov\/\" \/>\n<meta property=\"og:locale\" content=\"sk_SK\" \/>\n<meta property=\"og:type\" content=\"article\" \/>\n<meta property=\"og:title\" content=\"Politika vyjadrovania n\u00e1zorov - Comfort Apartments\" \/>\n<meta property=\"og:url\" content=\"https:\/\/noclegioswiecim.eu\/sk\/politika-vyjadrovania-nazorov\/\" \/>\n<meta property=\"og:site_name\" content=\"Comfort Apartments\" \/>\n<meta property=\"article:publisher\" content=\"https:\/\/www.facebook.com\/oswiecimapartments\/\" \/>\n<meta property=\"article:modified_time\" content=\"2024-03-20T12:50:16+00:00\" \/>\n<meta name=\"twitter:card\" content=\"summary_large_image\" \/>\n<meta name=\"twitter:label1\" content=\"Predpokladan\u00fd \u010das \u010d\u00edtania\" \/>\n\t<meta name=\"twitter:data1\" content=\"5 min\u00fat\" \/>\n<script type=\"application\/ld+json\" class=\"yoast-schema-graph\">{\"@context\":\"https:\\\/\\\/schema.org\",\"@graph\":[{\"@type\":\"WebPage\",\"@id\":\"https:\\\/\\\/noclegioswiecim.eu\\\/sk\\\/politika-vyjadrovania-nazorov\\\/\",\"url\":\"https:\\\/\\\/noclegioswiecim.eu\\\/sk\\\/politika-vyjadrovania-nazorov\\\/\",\"name\":\"Politika vyjadrovania n\u00e1zorov - Comfort Apartments\",\"isPartOf\":{\"@id\":\"https:\\\/\\\/noclegioswiecim.eu\\\/#website\"},\"datePublished\":\"2023-04-28T22:52:56+00:00\",\"dateModified\":\"2024-03-20T12:50:16+00:00\",\"breadcrumb\":{\"@id\":\"https:\\\/\\\/noclegioswiecim.eu\\\/sk\\\/politika-vyjadrovania-nazorov\\\/#breadcrumb\"},\"inLanguage\":\"sk-SK\",\"potentialAction\":[{\"@type\":\"ReadAction\",\"target\":[\"https:\\\/\\\/noclegioswiecim.eu\\\/sk\\\/politika-vyjadrovania-nazorov\\\/\"]}]},{\"@type\":\"BreadcrumbList\",\"@id\":\"https:\\\/\\\/noclegioswiecim.eu\\\/sk\\\/politika-vyjadrovania-nazorov\\\/#breadcrumb\",\"itemListElement\":[{\"@type\":\"ListItem\",\"position\":1,\"name\":\"Strona g\u0142\u00f3wna\",\"item\":\"https:\\\/\\\/noclegioswiecim.eu\\\/sk\\\/\"},{\"@type\":\"ListItem\",\"position\":2,\"name\":\"Politika vyjadrovania n\u00e1zorov\"}]},{\"@type\":\"WebSite\",\"@id\":\"https:\\\/\\\/noclegioswiecim.eu\\\/#website\",\"url\":\"https:\\\/\\\/noclegioswiecim.eu\\\/\",\"name\":\"Comfort Apartments\",\"description\":\"Noclegi O\u015bwi\u0119cim \\\/ Booking O\u015bwi\u0119cim\",\"publisher\":{\"@id\":\"https:\\\/\\\/noclegioswiecim.eu\\\/#organization\"},\"potentialAction\":[{\"@type\":\"SearchAction\",\"target\":{\"@type\":\"EntryPoint\",\"urlTemplate\":\"https:\\\/\\\/noclegioswiecim.eu\\\/?s={search_term_string}\"},\"query-input\":{\"@type\":\"PropertyValueSpecification\",\"valueRequired\":true,\"valueName\":\"search_term_string\"}}],\"inLanguage\":\"sk-SK\"},{\"@type\":\"Organization\",\"@id\":\"https:\\\/\\\/noclegioswiecim.eu\\\/#organization\",\"name\":\"Comfort Apartments\",\"url\":\"https:\\\/\\\/noclegioswiecim.eu\\\/\",\"logo\":{\"@type\":\"ImageObject\",\"inLanguage\":\"sk-SK\",\"@id\":\"https:\\\/\\\/noclegioswiecim.eu\\\/#\\\/schema\\\/logo\\\/image\\\/\",\"url\":\"https:\\\/\\\/noclegioswiecim.eu\\\/wp-content\\\/uploads\\\/2023\\\/02\\\/favicona.png\",\"contentUrl\":\"https:\\\/\\\/noclegioswiecim.eu\\\/wp-content\\\/uploads\\\/2023\\\/02\\\/favicona.png\",\"width\":200,\"height\":200,\"caption\":\"Comfort Apartments\"},\"image\":{\"@id\":\"https:\\\/\\\/noclegioswiecim.eu\\\/#\\\/schema\\\/logo\\\/image\\\/\"},\"sameAs\":[\"https:\\\/\\\/www.facebook.com\\\/oswiecimapartments\\\/\",\"https:\\\/\\\/goo.gl\\\/maps\\\/H9x6rxoZWfK3ad1j6\",\"https:\\\/\\\/www.instagram.com\\\/oswiecimapartments\\\/\"]}]}<\/script>\n<!-- \/ Yoast SEO plugin. -->","yoast_head_json":{"title":"Politika vyjadrovania n\u00e1zorov - Comfort Apartments","robots":{"index":"index","follow":"follow","max-snippet":"max-snippet:-1","max-image-preview":"max-image-preview:large","max-video-preview":"max-video-preview:-1"},"canonical":"https:\/\/noclegioswiecim.eu\/sk\/politika-vyjadrovania-nazorov\/","og_locale":"sk_SK","og_type":"article","og_title":"Politika vyjadrovania n\u00e1zorov - Comfort Apartments","og_url":"https:\/\/noclegioswiecim.eu\/sk\/politika-vyjadrovania-nazorov\/","og_site_name":"Comfort Apartments","article_publisher":"https:\/\/www.facebook.com\/oswiecimapartments\/","article_modified_time":"2024-03-20T12:50:16+00:00","twitter_card":"summary_large_image","twitter_misc":{"Predpokladan\u00fd \u010das \u010d\u00edtania":"5 min\u00fat"},"schema":{"@context":"https:\/\/schema.org","@graph":[{"@type":"WebPage","@id":"https:\/\/noclegioswiecim.eu\/sk\/politika-vyjadrovania-nazorov\/","url":"https:\/\/noclegioswiecim.eu\/sk\/politika-vyjadrovania-nazorov\/","name":"Politika vyjadrovania n\u00e1zorov - Comfort Apartments","isPartOf":{"@id":"https:\/\/noclegioswiecim.eu\/#website"},"datePublished":"2023-04-28T22:52:56+00:00","dateModified":"2024-03-20T12:50:16+00:00","breadcrumb":{"@id":"https:\/\/noclegioswiecim.eu\/sk\/politika-vyjadrovania-nazorov\/#breadcrumb"},"inLanguage":"sk-SK","potentialAction":[{"@type":"ReadAction","target":["https:\/\/noclegioswiecim.eu\/sk\/politika-vyjadrovania-nazorov\/"]}]},{"@type":"BreadcrumbList","@id":"https:\/\/noclegioswiecim.eu\/sk\/politika-vyjadrovania-nazorov\/#breadcrumb","itemListElement":[{"@type":"ListItem","position":1,"name":"Strona g\u0142\u00f3wna","item":"https:\/\/noclegioswiecim.eu\/sk\/"},{"@type":"ListItem","position":2,"name":"Politika vyjadrovania n\u00e1zorov"}]},{"@type":"WebSite","@id":"https:\/\/noclegioswiecim.eu\/#website","url":"https:\/\/noclegioswiecim.eu\/","name":"Comfort Apartments","description":"Noclegi O\u015bwi\u0119cim \/ Booking O\u015bwi\u0119cim","publisher":{"@id":"https:\/\/noclegioswiecim.eu\/#organization"},"potentialAction":[{"@type":"SearchAction","target":{"@type":"EntryPoint","urlTemplate":"https:\/\/noclegioswiecim.eu\/?s={search_term_string}"},"query-input":{"@type":"PropertyValueSpecification","valueRequired":true,"valueName":"search_term_string"}}],"inLanguage":"sk-SK"},{"@type":"Organization","@id":"https:\/\/noclegioswiecim.eu\/#organization","name":"Comfort Apartments","url":"https:\/\/noclegioswiecim.eu\/","logo":{"@type":"ImageObject","inLanguage":"sk-SK","@id":"https:\/\/noclegioswiecim.eu\/#\/schema\/logo\/image\/","url":"https:\/\/noclegioswiecim.eu\/wp-content\/uploads\/2023\/02\/favicona.png","contentUrl":"https:\/\/noclegioswiecim.eu\/wp-content\/uploads\/2023\/02\/favicona.png","width":200,"height":200,"caption":"Comfort Apartments"},"image":{"@id":"https:\/\/noclegioswiecim.eu\/#\/schema\/logo\/image\/"},"sameAs":["https:\/\/www.facebook.com\/oswiecimapartments\/","https:\/\/goo.gl\/maps\/H9x6rxoZWfK3ad1j6","https:\/\/www.instagram.com\/oswiecimapartments\/"]}]}},"_links":{"self":[{"href":"https:\/\/noclegioswiecim.eu\/sk\/wp-json\/wp\/v2\/pages\/2235","targetHints":{"allow":["GET"]}}],"collection":[{"href":"https:\/\/noclegioswiecim.eu\/sk\/wp-json\/wp\/v2\/pages"}],"about":[{"href":"https:\/\/noclegioswiecim.eu\/sk\/wp-json\/wp\/v2\/types\/page"}],"author":[{"embeddable":true,"href":"https:\/\/noclegioswiecim.eu\/sk\/wp-json\/wp\/v2\/users\/1"}],"replies":[{"embeddable":true,"href":"https:\/\/noclegioswiecim.eu\/sk\/wp-json\/wp\/v2\/comments?post=2235"}],"version-history":[{"count":11,"href":"https:\/\/noclegioswiecim.eu\/sk\/wp-json\/wp\/v2\/pages\/2235\/revisions"}],"predecessor-version":[{"id":2320,"href":"https:\/\/noclegioswiecim.eu\/sk\/wp-json\/wp\/v2\/pages\/2235\/revisions\/2320"}],"wp:attachment":[{"href":"https:\/\/noclegioswiecim.eu\/sk\/wp-json\/wp\/v2\/media?parent=2235"}],"curies":[{"name":"wp","href":"https:\/\/api.w.org\/{rel}","templated":true}]}}