{"id":3687,"date":"2023-01-23T23:45:43","date_gmt":"2023-01-23T22:45:43","guid":{"rendered":"https:\/\/noclegioswiecim.eu\/informativa-sulla-privacy\/"},"modified":"2024-03-22T15:24:27","modified_gmt":"2024-03-22T14:24:27","slug":"informativa-sulla-privacy","status":"publish","type":"page","link":"https:\/\/noclegioswiecim.eu\/it\/informativa-sulla-privacy\/","title":{"rendered":"Informativa sulla privacy"},"content":{"rendered":"<div class=\"fusion-fullwidth fullwidth-box fusion-builder-row-1 fusion-flex-container nonhundred-percent-fullwidth non-hundred-percent-height-scrolling\" style=\"--awb-border-radius-top-left:0px;--awb-border-radius-top-right:0px;--awb-border-radius-bottom-right:0px;--awb-border-radius-bottom-left:0px;--awb-flex-wrap:wrap;\" ><div class=\"fusion-builder-row fusion-row fusion-flex-align-items-flex-start fusion-flex-content-wrap\" style=\"max-width:1352px;margin-left: calc(-4% \/ 2 );margin-right: calc(-4% \/ 2 );\"><div class=\"fusion-layout-column fusion_builder_column fusion-builder-column-0 fusion_builder_column_1_1 1_1 fusion-flex-column\" style=\"--awb-bg-size:cover;--awb-width-large:100%;--awb-margin-top-large:0px;--awb-spacing-right-large:1.92%;--awb-margin-bottom-large:0px;--awb-spacing-left-large:1.92%;--awb-width-medium:100%;--awb-spacing-right-medium:1.92%;--awb-spacing-left-medium:1.92%;--awb-width-small:100%;--awb-spacing-right-small:1.92%;--awb-spacing-left-small:1.92%;\"><div class=\"fusion-column-wrapper fusion-flex-justify-content-flex-start fusion-content-layout-column\"><div class=\"fusion-text fusion-text-1\"><p style=\"text-align: center;\"><strong>Informazioni generali.<\/strong><\/p>\n<ol>\n<li>Il gestore del sito web <strong>noclegioswiecim.eu<\/strong> \u00e8 <strong>Sigma Artur M\u0142odzik, ul. Sakranusa 34, 32-600 O\u015bwi\u0119cim, NIP: PL 5491660799<\/strong><\/li>\n<li>Il Servizio svolge funzioni per ottenere informazioni sugli utenti e sul loro comportamento nei seguenti modi:\n<ol>\n<li>Inserendo volontariamente le informazioni nei moduli.<\/li>\n<li>Attraverso la memorizzazione di cookie (i cosiddetti &#8220;cookies&#8221;) sui dispositivi finali.<\/li>\n<li>Attraverso la raccolta dei log del server web da parte dell&#8217;operatore di hosting lh.pl, che opera sotto l&#8217;indirizzo lh.pl<\/li>\n<\/ol>\n<\/li>\n<\/ol>\n<p style=\"text-align: center;\"><strong>Informazioni nei moduli.<\/strong><\/p>\n<ol>\n<li>Il servizio raccoglie le informazioni fornite volontariamente dall&#8217;utente.<\/li>\n<li>Inoltre, il servizio pu\u00f2 salvare informazioni sui parametri di connessione (data e ora, indirizzo IP).<\/li>\n<li>I dati contenuti nel modulo non vengono resi disponibili a terzi se non con il consenso dell&#8217;utente.<\/li>\n<li>I dati forniti nel modulo possono costituire un insieme di potenziali clienti, registrati dall&#8217;Operatore del Sito web nel registro tenuto dall&#8217;Ispettore generale per la protezione dei dati personali.<\/li>\n<li>I dati forniti nel modulo sono trattati per lo scopo derivante dalla funzione del modulo specifico, ad esempio per elaborare una richiesta di assistenza o per stabilire un contatto di vendita.<\/li>\n<li>I dati forniti nei moduli possono essere inoltrati a soggetti che svolgono tecnicamente determinati servizi &#8211; in particolare, si tratta dell&#8217;inoltro di informazioni sull&#8217;intestatario del dominio registrato a soggetti che sono gestori di domini Internet (soprattutto la Rete Informatica Scientifica e Accademica j.b.r &#8211; NASK), a servizi che gestiscono i pagamenti o ad altri soggetti con i quali l&#8217;Operatore del Sito Web collabora in tal senso.<\/li>\n<li>Informazioni sui cookie.<\/li>\n<\/ol>\n<p style=\"text-align: center;\"><strong>Il sito web utilizza i cookie.<\/strong><\/p>\n<ol>\n<li>I cookie (i cosiddetti &#8220;cookies&#8221;) sono dati informatici, in particolare file di testo, che vengono memorizzati nell&#8217;apparecchiatura terminale dell&#8217;Utente del servizio e sono destinati all&#8217;uso sul Sito web. I cookie contengono solitamente il nome del sito web da cui provengono, la durata della loro memorizzazione sul dispositivo finale e un numero univoco.<\/li>\n<li>Il soggetto che inserisce i cookie nell&#8217;apparecchiatura terminale dell&#8217;Utente del servizio e che vi accede \u00e8 l&#8217;Operatore del servizio.<\/li>\n<li>I cookie vengono utilizzati per le seguenti finalit\u00e0:\n<ol>\n<li>la creazione di statistiche che ci aiutano a capire come i visitatori del sito web utilizzano i siti, consentendoci di migliorarne la struttura e i contenuti;<\/li>\n<li>mantenere una sessione dell&#8217;Utente del Servizio (dopo il login), grazie alla quale l&#8217;Utente non deve reinserire il proprio login e la propria password in ogni sottopagina del Servizio;<\/li>\n<li>per definire il vostro profilo al fine di mostrarvi materiale su misura sulle reti pubblicitarie, in particolare sulla rete di Google.<\/li>\n<\/ol>\n<\/li>\n<li>Il Sito utilizza due tipi principali di cookie: &#8220;cookie di sessione&#8221; e &#8220;cookie permanenti&#8221; (cookie persistenti). I cookie di &#8220;sessione&#8221; sono file temporanei che vengono memorizzati sul terminale dell&#8217;Utente fino a quando l&#8217;Utente non si disconnette, abbandona il sito web o spegne il software (browser web). I cookie &#8220;permanenti&#8221; vengono memorizzati sull&#8217;apparecchiatura terminale dell&#8217;Utente per il tempo specificato nei parametri dei cookie o finch\u00e9 non vengono cancellati dall&#8217;Utente.<\/li>\n<li>Il software di navigazione web (browser web) di solito consente di memorizzare i cookie sul terminale dell&#8217;Utente per impostazione predefinita. Gli utenti del Servizio possono modificare le proprie impostazioni a questo proposito. Il vostro browser web vi permette di eliminare i cookie. \u00c8 inoltre possibile bloccare automaticamente i cookie Per maggiori dettagli, consultare la guida o la documentazione del browser.<\/li>\n<li>Le limitazioni all&#8217;uso dei cookie possono influire su alcune delle funzionalit\u00e0 disponibili sul sito web.<\/li>\n<li>I cookie vengono inseriti nell&#8217;apparecchiatura terminale dell&#8217;Utente del servizio e possono essere utilizzati anche da inserzionisti e partner che collaborano con l&#8217;Operatore del servizio.<\/li>\n<li>Si consiglia di leggere le informative sulla privacy di queste aziende per comprendere l&#8217;uso dei cookie utilizzati nelle statistiche: <u><br \/>\n<a href=\"http:\/\/www.google.pl\/intl\/pl\/analytics\/privacyoverview.html\">Informativa sulla privacy di Google Analytics<\/a><br \/>\n<\/u><\/li>\n<li>I cookie possono essere utilizzati dalle reti pubblicitarie, in particolare dalla rete di Google, per visualizzare annunci pubblicitari adeguati al modo in cui l&#8217;utente utilizza il Sito. A tal fine, possono conservare informazioni sul percorso di navigazione dell&#8217;utente o sul tempo di permanenza su una determinata pagina.<\/li>\n<li>Per quanto riguarda le informazioni sulle preferenze dell&#8217;utente raccolte dalla rete pubblicitaria di Google, l&#8217;utente pu\u00f2 visualizzare e modificare le informazioni risultanti dai cookie utilizzando uno strumento: <u><br \/>\n<a href=\"https:\/\/www.google.com\/ads\/preferences\/\">https:\/\/www.google.com\/ads\/preferences\/<\/a><br \/>\n<\/u><\/li>\n<\/ol>\n<p style=\"text-align: center;\"><strong>Registri del server.<\/strong><\/p>\n<ol>\n<li>Le informazioni su determinati comportamenti degli utenti sono soggette a registrazione a livello di server. Questi dati vengono utilizzati esclusivamente per l&#8217;amministrazione del sito web e per garantire che i servizi di hosting forniti funzionino nel modo pi\u00f9 efficiente possibile.<\/li>\n<li>Le risorse visualizzate sono identificate da URL. Inoltre, la registrazione pu\u00f2 essere soggetta a:\n<ol>\n<li>la tempistica dell&#8217;indagine,<\/li>\n<li>momento dell&#8217;invio della risposta,<\/li>\n<li>il nome della stazione client &#8211; l&#8217;identificazione tramite il protocollo HTTP,<\/li>\n<li>informazioni sugli errori verificatisi durante l&#8217;esecuzione della transazione HTTP,<\/li>\n<li>l&#8217;URL di una pagina precedentemente visitata dall&#8217;utente (referer link), nel caso di un link al sito web,<\/li>\n<li>informazioni sul browser dell&#8217;utente,<\/li>\n<li>Informazioni sull&#8217;indirizzo IP.<\/li>\n<\/ol>\n<\/li>\n<li>I dati di cui sopra non sono associati a visitatori specifici.<\/li>\n<li>I dati di cui sopra vengono utilizzati esclusivamente per l&#8217;amministrazione del server.<\/li>\n<\/ol>\n<p style=\"text-align: center;\"><strong>Condivisione dei dati.<\/strong><\/p>\n<ol>\n<li>I dati vengono condivisi con soggetti esterni solo nei limiti della legge.<\/li>\n<li>Le informazioni di identificazione personale di un individuo vengono condivise solo con il consenso dell&#8217;individuo stesso.<\/li>\n<li>L&#8217;Operatore pu\u00f2 essere obbligato a fornire le informazioni raccolte dal Servizio alle autorit\u00e0 autorizzate sulla base di richieste legittime, nella misura in cui queste ultime lo richiedano.<\/li>\n<\/ol>\n<p style=\"text-align: center;\"><strong>Gestione dei cookie: come dare e ritirare il consenso nella pratica?<\/strong><\/p>\n<ol>\n<li>Se non si desidera ricevere cookie, \u00e8 possibile modificare le impostazioni del browser. Si ricorda che la disabilitazione dei cookie essenziali per i processi di autenticazione, sicurezza e mantenimento delle preferenze dell&#8217;utente pu\u00f2 rendere difficile, e in casi estremi impossibile, l&#8217;utilizzo dei siti web.<\/li>\n<li>Per gestire le impostazioni dei cookie, selezionare il proprio browser\/sistema internet dall&#8217;elenco sottostante e seguire le istruzioni:\n<ol>\n<li><u><a href=\"http:\/\/support.microsoft.com\/kb\/196955\">Internet Explorer<\/a><\/u><\/li>\n<li><u><a href=\"http:\/\/support.google.com\/chrome\/bin\/answer.py?hl=pl&amp;answer=95647\">Cromo<\/a><\/u><\/li>\n<li><u><a href=\"http:\/\/support.apple.com\/kb\/PH5042\">Safari<\/a><\/u><\/li>\n<li><u><a href=\"http:\/\/support.mozilla.org\/pl\/kb\/W%C5%82%C4%85czanie%20i%20wy%C5%82%C4%85czanie%20obs%C5%82ugi%20ciasteczek\">Firefox<\/a><\/u><\/li>\n<li><u><a href=\"http:\/\/help.opera.com\/Windows\/12.10\/pl\/cookies.html\">Opera<\/a><\/u><\/li>\n<li><u><a href=\"http:\/\/support.google.com\/chrome\/bin\/answer.py?hl=pl&amp;answer=95647\">Android<\/a><\/u><\/li>\n<li><u><a href=\"http:\/\/support.apple.com\/kb\/HT1677?viewlocale=pl_PL\">Safari (iOS)<\/a><\/u><\/li>\n<li><u><a href=\"http:\/\/www.windowsphone.com\/pl-pl\/how-to\/wp7\/web\/changing-privacy-and-other-browser-settings\">Windows Phone<\/a><\/u><\/li>\n<li><u><a href=\"http:\/\/docs.blackberry.com\/en\/smartphone_users\/deliverables\/32004\/Turn_off_cookies_in_the_browser_60_1072866_11.jsp\">Mirtillo nero<\/a><\/u><\/li>\n<\/ol>\n<\/li>\n<\/ol>\n<\/div><\/div><\/div><\/div><\/div>\n","protected":false},"excerpt":{"rendered":"","protected":false},"author":1,"featured_media":0,"parent":0,"menu_order":0,"comment_status":"closed","ping_status":"open","template":"","meta":{"footnotes":""},"class_list":["post-3687","page","type-page","status-publish","hentry"],"yoast_head":"<!-- This site is optimized with the Yoast SEO plugin v27.5 - https:\/\/yoast.com\/product\/yoast-seo-wordpress\/ -->\n<title>Informativa sulla privacy - Comfort Apartments<\/title>\n<meta name=\"robots\" content=\"index, follow, max-snippet:-1, max-image-preview:large, max-video-preview:-1\" \/>\n<link rel=\"canonical\" href=\"https:\/\/noclegioswiecim.eu\/it\/informativa-sulla-privacy\/\" \/>\n<meta property=\"og:locale\" content=\"it_IT\" \/>\n<meta property=\"og:type\" content=\"article\" \/>\n<meta property=\"og:title\" content=\"Informativa sulla privacy - Comfort Apartments\" \/>\n<meta property=\"og:url\" content=\"https:\/\/noclegioswiecim.eu\/it\/informativa-sulla-privacy\/\" \/>\n<meta property=\"og:site_name\" content=\"Comfort Apartments\" \/>\n<meta property=\"article:publisher\" content=\"https:\/\/www.facebook.com\/oswiecimapartments\/\" \/>\n<meta property=\"article:modified_time\" content=\"2024-03-22T14:24:27+00:00\" \/>\n<meta name=\"twitter:card\" content=\"summary_large_image\" \/>\n<meta name=\"twitter:label1\" content=\"Tempo di lettura stimato\" \/>\n\t<meta name=\"twitter:data1\" content=\"6 minuti\" \/>\n<script type=\"application\/ld+json\" class=\"yoast-schema-graph\">{\"@context\":\"https:\\\/\\\/schema.org\",\"@graph\":[{\"@type\":\"WebPage\",\"@id\":\"https:\\\/\\\/noclegioswiecim.eu\\\/it\\\/informativa-sulla-privacy\\\/\",\"url\":\"https:\\\/\\\/noclegioswiecim.eu\\\/it\\\/informativa-sulla-privacy\\\/\",\"name\":\"Informativa sulla privacy - Comfort Apartments\",\"isPartOf\":{\"@id\":\"https:\\\/\\\/noclegioswiecim.eu\\\/#website\"},\"datePublished\":\"2023-01-23T22:45:43+00:00\",\"dateModified\":\"2024-03-22T14:24:27+00:00\",\"breadcrumb\":{\"@id\":\"https:\\\/\\\/noclegioswiecim.eu\\\/it\\\/informativa-sulla-privacy\\\/#breadcrumb\"},\"inLanguage\":\"it-IT\",\"potentialAction\":[{\"@type\":\"ReadAction\",\"target\":[\"https:\\\/\\\/noclegioswiecim.eu\\\/it\\\/informativa-sulla-privacy\\\/\"]}]},{\"@type\":\"BreadcrumbList\",\"@id\":\"https:\\\/\\\/noclegioswiecim.eu\\\/it\\\/informativa-sulla-privacy\\\/#breadcrumb\",\"itemListElement\":[{\"@type\":\"ListItem\",\"position\":1,\"name\":\"Strona g\u0142\u00f3wna\",\"item\":\"https:\\\/\\\/noclegioswiecim.eu\\\/it\\\/\"},{\"@type\":\"ListItem\",\"position\":2,\"name\":\"Informativa sulla privacy\"}]},{\"@type\":\"WebSite\",\"@id\":\"https:\\\/\\\/noclegioswiecim.eu\\\/#website\",\"url\":\"https:\\\/\\\/noclegioswiecim.eu\\\/\",\"name\":\"Comfort Apartments\",\"description\":\"Noclegi O\u015bwi\u0119cim \\\/ Booking O\u015bwi\u0119cim\",\"publisher\":{\"@id\":\"https:\\\/\\\/noclegioswiecim.eu\\\/#organization\"},\"potentialAction\":[{\"@type\":\"SearchAction\",\"target\":{\"@type\":\"EntryPoint\",\"urlTemplate\":\"https:\\\/\\\/noclegioswiecim.eu\\\/?s={search_term_string}\"},\"query-input\":{\"@type\":\"PropertyValueSpecification\",\"valueRequired\":true,\"valueName\":\"search_term_string\"}}],\"inLanguage\":\"it-IT\"},{\"@type\":\"Organization\",\"@id\":\"https:\\\/\\\/noclegioswiecim.eu\\\/#organization\",\"name\":\"Comfort Apartments\",\"url\":\"https:\\\/\\\/noclegioswiecim.eu\\\/\",\"logo\":{\"@type\":\"ImageObject\",\"inLanguage\":\"it-IT\",\"@id\":\"https:\\\/\\\/noclegioswiecim.eu\\\/#\\\/schema\\\/logo\\\/image\\\/\",\"url\":\"https:\\\/\\\/noclegioswiecim.eu\\\/wp-content\\\/uploads\\\/2023\\\/02\\\/favicona.png\",\"contentUrl\":\"https:\\\/\\\/noclegioswiecim.eu\\\/wp-content\\\/uploads\\\/2023\\\/02\\\/favicona.png\",\"width\":200,\"height\":200,\"caption\":\"Comfort Apartments\"},\"image\":{\"@id\":\"https:\\\/\\\/noclegioswiecim.eu\\\/#\\\/schema\\\/logo\\\/image\\\/\"},\"sameAs\":[\"https:\\\/\\\/www.facebook.com\\\/oswiecimapartments\\\/\",\"https:\\\/\\\/goo.gl\\\/maps\\\/H9x6rxoZWfK3ad1j6\",\"https:\\\/\\\/www.instagram.com\\\/oswiecimapartments\\\/\"]}]}<\/script>\n<!-- \/ Yoast SEO plugin. -->","yoast_head_json":{"title":"Informativa sulla privacy - Comfort Apartments","robots":{"index":"index","follow":"follow","max-snippet":"max-snippet:-1","max-image-preview":"max-image-preview:large","max-video-preview":"max-video-preview:-1"},"canonical":"https:\/\/noclegioswiecim.eu\/it\/informativa-sulla-privacy\/","og_locale":"it_IT","og_type":"article","og_title":"Informativa sulla privacy - Comfort Apartments","og_url":"https:\/\/noclegioswiecim.eu\/it\/informativa-sulla-privacy\/","og_site_name":"Comfort Apartments","article_publisher":"https:\/\/www.facebook.com\/oswiecimapartments\/","article_modified_time":"2024-03-22T14:24:27+00:00","twitter_card":"summary_large_image","twitter_misc":{"Tempo di lettura stimato":"6 minuti"},"schema":{"@context":"https:\/\/schema.org","@graph":[{"@type":"WebPage","@id":"https:\/\/noclegioswiecim.eu\/it\/informativa-sulla-privacy\/","url":"https:\/\/noclegioswiecim.eu\/it\/informativa-sulla-privacy\/","name":"Informativa sulla privacy - Comfort Apartments","isPartOf":{"@id":"https:\/\/noclegioswiecim.eu\/#website"},"datePublished":"2023-01-23T22:45:43+00:00","dateModified":"2024-03-22T14:24:27+00:00","breadcrumb":{"@id":"https:\/\/noclegioswiecim.eu\/it\/informativa-sulla-privacy\/#breadcrumb"},"inLanguage":"it-IT","potentialAction":[{"@type":"ReadAction","target":["https:\/\/noclegioswiecim.eu\/it\/informativa-sulla-privacy\/"]}]},{"@type":"BreadcrumbList","@id":"https:\/\/noclegioswiecim.eu\/it\/informativa-sulla-privacy\/#breadcrumb","itemListElement":[{"@type":"ListItem","position":1,"name":"Strona g\u0142\u00f3wna","item":"https:\/\/noclegioswiecim.eu\/it\/"},{"@type":"ListItem","position":2,"name":"Informativa sulla privacy"}]},{"@type":"WebSite","@id":"https:\/\/noclegioswiecim.eu\/#website","url":"https:\/\/noclegioswiecim.eu\/","name":"Comfort Apartments","description":"Noclegi O\u015bwi\u0119cim \/ Booking O\u015bwi\u0119cim","publisher":{"@id":"https:\/\/noclegioswiecim.eu\/#organization"},"potentialAction":[{"@type":"SearchAction","target":{"@type":"EntryPoint","urlTemplate":"https:\/\/noclegioswiecim.eu\/?s={search_term_string}"},"query-input":{"@type":"PropertyValueSpecification","valueRequired":true,"valueName":"search_term_string"}}],"inLanguage":"it-IT"},{"@type":"Organization","@id":"https:\/\/noclegioswiecim.eu\/#organization","name":"Comfort Apartments","url":"https:\/\/noclegioswiecim.eu\/","logo":{"@type":"ImageObject","inLanguage":"it-IT","@id":"https:\/\/noclegioswiecim.eu\/#\/schema\/logo\/image\/","url":"https:\/\/noclegioswiecim.eu\/wp-content\/uploads\/2023\/02\/favicona.png","contentUrl":"https:\/\/noclegioswiecim.eu\/wp-content\/uploads\/2023\/02\/favicona.png","width":200,"height":200,"caption":"Comfort Apartments"},"image":{"@id":"https:\/\/noclegioswiecim.eu\/#\/schema\/logo\/image\/"},"sameAs":["https:\/\/www.facebook.com\/oswiecimapartments\/","https:\/\/goo.gl\/maps\/H9x6rxoZWfK3ad1j6","https:\/\/www.instagram.com\/oswiecimapartments\/"]}]}},"_links":{"self":[{"href":"https:\/\/noclegioswiecim.eu\/it\/wp-json\/wp\/v2\/pages\/3687","targetHints":{"allow":["GET"]}}],"collection":[{"href":"https:\/\/noclegioswiecim.eu\/it\/wp-json\/wp\/v2\/pages"}],"about":[{"href":"https:\/\/noclegioswiecim.eu\/it\/wp-json\/wp\/v2\/types\/page"}],"author":[{"embeddable":true,"href":"https:\/\/noclegioswiecim.eu\/it\/wp-json\/wp\/v2\/users\/1"}],"replies":[{"embeddable":true,"href":"https:\/\/noclegioswiecim.eu\/it\/wp-json\/wp\/v2\/comments?post=3687"}],"version-history":[{"count":3,"href":"https:\/\/noclegioswiecim.eu\/it\/wp-json\/wp\/v2\/pages\/3687\/revisions"}],"predecessor-version":[{"id":4171,"href":"https:\/\/noclegioswiecim.eu\/it\/wp-json\/wp\/v2\/pages\/3687\/revisions\/4171"}],"wp:attachment":[{"href":"https:\/\/noclegioswiecim.eu\/it\/wp-json\/wp\/v2\/media?parent=3687"}],"curies":[{"name":"wp","href":"https:\/\/api.w.org\/{rel}","templated":true}]}}