{"id":3712,"date":"2023-04-29T00:52:56","date_gmt":"2023-04-28T22:52:56","guid":{"rendered":"https:\/\/noclegioswiecim.eu\/politique-dopinion\/"},"modified":"2024-03-22T11:03:29","modified_gmt":"2024-03-22T10:03:29","slug":"politique-dopinion","status":"publish","type":"page","link":"https:\/\/noclegioswiecim.eu\/fr\/politique-dopinion\/","title":{"rendered":"Politique d&rsquo;opinion"},"content":{"rendered":"<div class=\"fusion-fullwidth fullwidth-box fusion-builder-row-1 fusion-flex-container has-pattern-background has-mask-background p-default nonhundred-percent-fullwidth non-hundred-percent-height-scrolling\" style=\"--awb-border-radius-top-left:0px;--awb-border-radius-top-right:0px;--awb-border-radius-bottom-right:0px;--awb-border-radius-bottom-left:0px;--awb-flex-wrap:wrap;\" ><div class=\"fusion-builder-row fusion-row fusion-flex-align-items-flex-start fusion-flex-content-wrap\" style=\"max-width:1352px;margin-left: calc(-4% \/ 2 );margin-right: calc(-4% \/ 2 );\"><div class=\"fusion-layout-column fusion_builder_column fusion-builder-column-0 fusion_builder_column_1_1 1_1 fusion-flex-column\" style=\"--awb-bg-size:cover;--awb-width-large:100%;--awb-margin-top-large:0px;--awb-spacing-right-large:1.92%;--awb-margin-bottom-large:0px;--awb-spacing-left-large:1.92%;--awb-width-medium:100%;--awb-spacing-right-medium:1.92%;--awb-spacing-left-medium:1.92%;--awb-width-small:100%;--awb-spacing-right-small:1.92%;--awb-spacing-left-small:1.92%;\"><div class=\"fusion-column-wrapper fusion-flex-justify-content-flex-start fusion-content-layout-column\"><div class=\"fusion-text fusion-text-1\"><h3>C&rsquo;est cool que tu sois l\u00e0 parce que&#8230;<\/h3>\n<p>&#8230;notre mission est de vous offrir l&rsquo;exp\u00e9rience ultime de l&rsquo;utilisateur sous la forme d&rsquo;une transparence totale sur notre site web. Nous vous encourageons \u00e0 en savoir plus sur le contenu des documents cl\u00e9s qui ont \u00e9t\u00e9 cr\u00e9\u00e9s en tenant compte de vos droits et de vos besoins. Vous y trouverez des informations sur les r\u00e8gles qui r\u00e9gissent la pr\u00e9sentation du contenu de notre site web, ainsi que sur la publication d&rsquo;avis de clients sur notre site web.<\/p>\n<h3>Avis pr\u00e9sent\u00e9s sur notre site web<\/h3>\n<p>En visitant noclegioswiecim.eu, vous avez la possibilit\u00e9 de lire de nombreux avis de clients, qui ont \u00e9t\u00e9 cr\u00e9\u00e9s par nos clients dans le cadre de l&rsquo;\u00e9valuation de nos services et\/ou produits. Tous les avis sont fournis par des services tiers r\u00e9put\u00e9s, \u00e0 savoir les avis Google et les avis Facebook.<\/p>\n<p>Les opinions pr\u00e9sent\u00e9es peuvent vous donner un aper\u00e7u pr\u00e9cieux de la mani\u00e8re dont nous travaillons et de ce que les autres pensent de nous. Nous savons \u00e9galement que vous souhaitez prendre une d\u00e9cision en connaissance de cause lorsqu&rsquo;il s&rsquo;agit de choisir un logement qui r\u00e9ponde \u00e0 vos besoins. C&rsquo;est pourquoi nous mettons tout en \u0153uvre pour que<strong> les avis pr\u00e9sent\u00e9s n&rsquo;expriment que les sentiments r\u00e9els de nos clients et partenaires commerciaux<\/strong>.<\/p>\n<p>Par cons\u00e9quent, tous les avis publi\u00e9s sur notre site web sont exclusivement v\u00e9rifi\u00e9s par des fournisseurs tiers tels que Google Opinions et Facebook Opinions. Nous tenons \u00e0 vous assurer que nous ne publions pas sur notre site web d&rsquo;avis r\u00e9dig\u00e9s en notre nom.<\/p>\n<h3>Processus d&rsquo;examen de l&rsquo;avis<\/h3>\n<p>Notre \u00e9tablissement d&rsquo;h\u00e9bergement n&rsquo;exerce aucune activit\u00e9 visant \u00e0 influencer les avis pr\u00e9sent\u00e9s, car ceux-ci sont automatiquement v\u00e9rifi\u00e9s et publi\u00e9s par des prestataires externes, \u00e0 savoir les services Google et Facebook susmentionn\u00e9s. Par cons\u00e9quent, sur notre site web, vous ne verrez que ce que les utilisateurs des plateformes susmentionn\u00e9es pensent de nous. Il s&rsquo;agit d&rsquo;une solution simple et honn\u00eate &#8211; nous pensons que vous partagez \u00e9galement notre point de vue.<\/p>\n<p>Nous esp\u00e9rons que les avis pr\u00e9sent\u00e9s vous donneront les informations n\u00e9cessaires sur les possibilit\u00e9s et la qualit\u00e9 d&rsquo;une collaboration compl\u00e8te et fiable avec nous. En outre, elles vous permettront de prendre une d\u00e9cision \u00e9clair\u00e9e sur l&rsquo;utilisation de nos services et\/ou produits.<\/p>\n<p><strong>Nous sommes ouverts \u00e0 la conversation, donc si vous avez des questions \u00e0 nous poser, n&rsquo;h\u00e9sitez pas \u00e0 nous contacter, <\/strong><a href=\"https:\/\/noclegioswiecim.eu\/kontakt\/\">n&rsquo;h\u00e9sitez pas \u00e0 nous contacter.<\/a><\/p>\n<p>L&rsquo;\u00e9quipe de Comfort Apartments<\/p>\n<\/div><\/div><\/div><\/div><\/div>\n","protected":false},"excerpt":{"rendered":"","protected":false},"author":1,"featured_media":0,"parent":0,"menu_order":0,"comment_status":"closed","ping_status":"closed","template":"","meta":{"footnotes":""},"class_list":["post-3712","page","type-page","status-publish","hentry"],"yoast_head":"<!-- This site is optimized with the Yoast SEO plugin v27.5 - https:\/\/yoast.com\/product\/yoast-seo-wordpress\/ -->\n<title>Politique d&#039;opinion - Comfort Apartments<\/title>\n<meta name=\"robots\" content=\"index, follow, max-snippet:-1, max-image-preview:large, max-video-preview:-1\" \/>\n<link rel=\"canonical\" href=\"https:\/\/noclegioswiecim.eu\/fr\/?page_id=3712\" \/>\n<meta property=\"og:locale\" content=\"fr_FR\" \/>\n<meta property=\"og:type\" content=\"article\" \/>\n<meta property=\"og:title\" content=\"Politique d&#039;opinion - Comfort Apartments\" \/>\n<meta property=\"og:url\" content=\"https:\/\/noclegioswiecim.eu\/fr\/?page_id=3712\" \/>\n<meta property=\"og:site_name\" content=\"Comfort Apartments\" \/>\n<meta property=\"article:publisher\" content=\"https:\/\/www.facebook.com\/oswiecimapartments\/\" \/>\n<meta property=\"article:modified_time\" content=\"2024-03-22T10:03:29+00:00\" \/>\n<meta name=\"twitter:card\" content=\"summary_large_image\" \/>\n<meta name=\"twitter:label1\" content=\"Dur\u00e9e de lecture estim\u00e9e\" \/>\n\t<meta name=\"twitter:data1\" content=\"5 minutes\" \/>\n<script type=\"application\/ld+json\" class=\"yoast-schema-graph\">{\"@context\":\"https:\\\/\\\/schema.org\",\"@graph\":[{\"@type\":\"WebPage\",\"@id\":\"https:\\\/\\\/noclegioswiecim.eu\\\/fr\\\/?page_id=3712\",\"url\":\"https:\\\/\\\/noclegioswiecim.eu\\\/fr\\\/?page_id=3712\",\"name\":\"Politique d'opinion - Comfort Apartments\",\"isPartOf\":{\"@id\":\"https:\\\/\\\/noclegioswiecim.eu\\\/#website\"},\"datePublished\":\"2023-04-28T22:52:56+00:00\",\"dateModified\":\"2024-03-22T10:03:29+00:00\",\"breadcrumb\":{\"@id\":\"https:\\\/\\\/noclegioswiecim.eu\\\/fr\\\/?page_id=3712#breadcrumb\"},\"inLanguage\":\"fr-FR\",\"potentialAction\":[{\"@type\":\"ReadAction\",\"target\":[\"https:\\\/\\\/noclegioswiecim.eu\\\/fr\\\/?page_id=3712\"]}]},{\"@type\":\"BreadcrumbList\",\"@id\":\"https:\\\/\\\/noclegioswiecim.eu\\\/fr\\\/?page_id=3712#breadcrumb\",\"itemListElement\":[{\"@type\":\"ListItem\",\"position\":1,\"name\":\"Strona g\u0142\u00f3wna\",\"item\":\"https:\\\/\\\/noclegioswiecim.eu\\\/fr\\\/\"},{\"@type\":\"ListItem\",\"position\":2,\"name\":\"Politique d&#8217;opinion\"}]},{\"@type\":\"WebSite\",\"@id\":\"https:\\\/\\\/noclegioswiecim.eu\\\/#website\",\"url\":\"https:\\\/\\\/noclegioswiecim.eu\\\/\",\"name\":\"Comfort Apartments\",\"description\":\"Noclegi O\u015bwi\u0119cim \\\/ Booking O\u015bwi\u0119cim\",\"publisher\":{\"@id\":\"https:\\\/\\\/noclegioswiecim.eu\\\/#organization\"},\"potentialAction\":[{\"@type\":\"SearchAction\",\"target\":{\"@type\":\"EntryPoint\",\"urlTemplate\":\"https:\\\/\\\/noclegioswiecim.eu\\\/?s={search_term_string}\"},\"query-input\":{\"@type\":\"PropertyValueSpecification\",\"valueRequired\":true,\"valueName\":\"search_term_string\"}}],\"inLanguage\":\"fr-FR\"},{\"@type\":\"Organization\",\"@id\":\"https:\\\/\\\/noclegioswiecim.eu\\\/#organization\",\"name\":\"Comfort Apartments\",\"url\":\"https:\\\/\\\/noclegioswiecim.eu\\\/\",\"logo\":{\"@type\":\"ImageObject\",\"inLanguage\":\"fr-FR\",\"@id\":\"https:\\\/\\\/noclegioswiecim.eu\\\/#\\\/schema\\\/logo\\\/image\\\/\",\"url\":\"https:\\\/\\\/noclegioswiecim.eu\\\/wp-content\\\/uploads\\\/2023\\\/02\\\/favicona.png\",\"contentUrl\":\"https:\\\/\\\/noclegioswiecim.eu\\\/wp-content\\\/uploads\\\/2023\\\/02\\\/favicona.png\",\"width\":200,\"height\":200,\"caption\":\"Comfort Apartments\"},\"image\":{\"@id\":\"https:\\\/\\\/noclegioswiecim.eu\\\/#\\\/schema\\\/logo\\\/image\\\/\"},\"sameAs\":[\"https:\\\/\\\/www.facebook.com\\\/oswiecimapartments\\\/\",\"https:\\\/\\\/goo.gl\\\/maps\\\/H9x6rxoZWfK3ad1j6\",\"https:\\\/\\\/www.instagram.com\\\/oswiecimapartments\\\/\"]}]}<\/script>\n<!-- \/ Yoast SEO plugin. -->","yoast_head_json":{"title":"Politique d'opinion - Comfort Apartments","robots":{"index":"index","follow":"follow","max-snippet":"max-snippet:-1","max-image-preview":"max-image-preview:large","max-video-preview":"max-video-preview:-1"},"canonical":"https:\/\/noclegioswiecim.eu\/fr\/?page_id=3712","og_locale":"fr_FR","og_type":"article","og_title":"Politique d'opinion - Comfort Apartments","og_url":"https:\/\/noclegioswiecim.eu\/fr\/?page_id=3712","og_site_name":"Comfort Apartments","article_publisher":"https:\/\/www.facebook.com\/oswiecimapartments\/","article_modified_time":"2024-03-22T10:03:29+00:00","twitter_card":"summary_large_image","twitter_misc":{"Dur\u00e9e de lecture estim\u00e9e":"5 minutes"},"schema":{"@context":"https:\/\/schema.org","@graph":[{"@type":"WebPage","@id":"https:\/\/noclegioswiecim.eu\/fr\/?page_id=3712","url":"https:\/\/noclegioswiecim.eu\/fr\/?page_id=3712","name":"Politique d'opinion - Comfort Apartments","isPartOf":{"@id":"https:\/\/noclegioswiecim.eu\/#website"},"datePublished":"2023-04-28T22:52:56+00:00","dateModified":"2024-03-22T10:03:29+00:00","breadcrumb":{"@id":"https:\/\/noclegioswiecim.eu\/fr\/?page_id=3712#breadcrumb"},"inLanguage":"fr-FR","potentialAction":[{"@type":"ReadAction","target":["https:\/\/noclegioswiecim.eu\/fr\/?page_id=3712"]}]},{"@type":"BreadcrumbList","@id":"https:\/\/noclegioswiecim.eu\/fr\/?page_id=3712#breadcrumb","itemListElement":[{"@type":"ListItem","position":1,"name":"Strona g\u0142\u00f3wna","item":"https:\/\/noclegioswiecim.eu\/fr\/"},{"@type":"ListItem","position":2,"name":"Politique d&#8217;opinion"}]},{"@type":"WebSite","@id":"https:\/\/noclegioswiecim.eu\/#website","url":"https:\/\/noclegioswiecim.eu\/","name":"Comfort Apartments","description":"Noclegi O\u015bwi\u0119cim \/ Booking O\u015bwi\u0119cim","publisher":{"@id":"https:\/\/noclegioswiecim.eu\/#organization"},"potentialAction":[{"@type":"SearchAction","target":{"@type":"EntryPoint","urlTemplate":"https:\/\/noclegioswiecim.eu\/?s={search_term_string}"},"query-input":{"@type":"PropertyValueSpecification","valueRequired":true,"valueName":"search_term_string"}}],"inLanguage":"fr-FR"},{"@type":"Organization","@id":"https:\/\/noclegioswiecim.eu\/#organization","name":"Comfort Apartments","url":"https:\/\/noclegioswiecim.eu\/","logo":{"@type":"ImageObject","inLanguage":"fr-FR","@id":"https:\/\/noclegioswiecim.eu\/#\/schema\/logo\/image\/","url":"https:\/\/noclegioswiecim.eu\/wp-content\/uploads\/2023\/02\/favicona.png","contentUrl":"https:\/\/noclegioswiecim.eu\/wp-content\/uploads\/2023\/02\/favicona.png","width":200,"height":200,"caption":"Comfort Apartments"},"image":{"@id":"https:\/\/noclegioswiecim.eu\/#\/schema\/logo\/image\/"},"sameAs":["https:\/\/www.facebook.com\/oswiecimapartments\/","https:\/\/goo.gl\/maps\/H9x6rxoZWfK3ad1j6","https:\/\/www.instagram.com\/oswiecimapartments\/"]}]}},"_links":{"self":[{"href":"https:\/\/noclegioswiecim.eu\/fr\/wp-json\/wp\/v2\/pages\/3712","targetHints":{"allow":["GET"]}}],"collection":[{"href":"https:\/\/noclegioswiecim.eu\/fr\/wp-json\/wp\/v2\/pages"}],"about":[{"href":"https:\/\/noclegioswiecim.eu\/fr\/wp-json\/wp\/v2\/types\/page"}],"author":[{"embeddable":true,"href":"https:\/\/noclegioswiecim.eu\/fr\/wp-json\/wp\/v2\/users\/1"}],"replies":[{"embeddable":true,"href":"https:\/\/noclegioswiecim.eu\/fr\/wp-json\/wp\/v2\/comments?post=3712"}],"version-history":[{"count":2,"href":"https:\/\/noclegioswiecim.eu\/fr\/wp-json\/wp\/v2\/pages\/3712\/revisions"}],"predecessor-version":[{"id":3721,"href":"https:\/\/noclegioswiecim.eu\/fr\/wp-json\/wp\/v2\/pages\/3712\/revisions\/3721"}],"wp:attachment":[{"href":"https:\/\/noclegioswiecim.eu\/fr\/wp-json\/wp\/v2\/media?parent=3712"}],"curies":[{"name":"wp","href":"https:\/\/api.w.org\/{rel}","templated":true}]}}