{"id":3678,"date":"2023-01-23T23:45:43","date_gmt":"2023-01-23T22:45:43","guid":{"rendered":"https:\/\/noclegioswiecim.eu\/politique-de-confidentialite\/"},"modified":"2024-03-22T11:03:07","modified_gmt":"2024-03-22T10:03:07","slug":"politique-de-confidentialite","status":"publish","type":"page","link":"https:\/\/noclegioswiecim.eu\/fr\/politique-de-confidentialite\/","title":{"rendered":"Politique de confidentialit\u00e9"},"content":{"rendered":"<div class=\"fusion-fullwidth fullwidth-box fusion-builder-row-1 fusion-flex-container nonhundred-percent-fullwidth non-hundred-percent-height-scrolling\" style=\"--awb-border-radius-top-left:0px;--awb-border-radius-top-right:0px;--awb-border-radius-bottom-right:0px;--awb-border-radius-bottom-left:0px;--awb-flex-wrap:wrap;\" ><div class=\"fusion-builder-row fusion-row fusion-flex-align-items-flex-start fusion-flex-content-wrap\" style=\"max-width:1352px;margin-left: calc(-4% \/ 2 );margin-right: calc(-4% \/ 2 );\"><div class=\"fusion-layout-column fusion_builder_column fusion-builder-column-0 fusion_builder_column_1_1 1_1 fusion-flex-column\" style=\"--awb-bg-size:cover;--awb-width-large:100%;--awb-margin-top-large:0px;--awb-spacing-right-large:1.92%;--awb-margin-bottom-large:0px;--awb-spacing-left-large:1.92%;--awb-width-medium:100%;--awb-spacing-right-medium:1.92%;--awb-spacing-left-medium:1.92%;--awb-width-small:100%;--awb-spacing-right-small:1.92%;--awb-spacing-left-small:1.92%;\"><div class=\"fusion-column-wrapper fusion-flex-justify-content-flex-start fusion-content-layout-column\"><div class=\"fusion-text fusion-text-1\"><p style=\"text-align: center;\"><strong>Informations g\u00e9n\u00e9rales.<\/strong><\/p>\n<ol>\n<li>L&rsquo;op\u00e9rateur du site <strong>noclegioswiecim.eu<\/strong> est  <strong>Sigma Artur M\u0142odzik, ul. Sakranusa 34, 32-600 O\u015bwi\u0119cim, NIP : PL 5491660799<\/strong><\/li>\n<li>Le service remplit des fonctions permettant d&rsquo;obtenir des informations sur les utilisateurs et leur comportement de la mani\u00e8re suivante :\n<ol>\n<li>En saisissant volontairement des informations dans les formulaires.<\/li>\n<li>en stockant des t\u00e9moins de connexion (appel\u00e9s \u00ab\u00a0cookies\u00a0\u00bb) sur les appareils finaux.<\/li>\n<li>Gr\u00e2ce \u00e0 la collecte de journaux de serveurs web par l&rsquo;op\u00e9rateur d&rsquo;h\u00e9bergement lh.pl, op\u00e9rant sous l&rsquo;adresse lh.pl<\/li>\n<\/ol>\n<\/li>\n<\/ol>\n<p style=\"text-align: center;\"><strong>Informations contenues dans les formulaires.<\/strong><\/p>\n<ol>\n<li>Le service recueille des informations fournies volontairement par l&rsquo;utilisateur.<\/li>\n<li>En outre, le service peut enregistrer des informations sur les param\u00e8tres de connexion (horodatage, adresse IP).<\/li>\n<li>Les donn\u00e9es contenues dans le formulaire ne sont pas mises \u00e0 la disposition de tiers, sauf avec le consentement de l&rsquo;utilisateur.<\/li>\n<li>Les donn\u00e9es fournies dans le formulaire peuvent constituer un ensemble de clients potentiels, inscrits par l&rsquo;op\u00e9rateur du site Web dans le registre tenu par l&rsquo;inspecteur g\u00e9n\u00e9ral pour la protection des donn\u00e9es personnelles.<\/li>\n<li>Les donn\u00e9es fournies dans le formulaire sont trait\u00e9es dans le but r\u00e9sultant de la fonction du formulaire sp\u00e9cifique, par exemple pour traiter une demande de service ou pour \u00e9tablir un contact commercial.<\/li>\n<li>Les donn\u00e9es fournies dans les formulaires peuvent \u00eatre transmises \u00e0 des entit\u00e9s effectuant techniquement certains services &#8211; en particulier, il s&rsquo;agit de la transmission d&rsquo;informations sur le titulaire du domaine enregistr\u00e9 \u00e0 des entit\u00e9s qui sont des op\u00e9rateurs de domaines Internet (avant tout, le Scientific and Academic Computer Network j.b.r &#8211; NASK), des services g\u00e9rant les paiements ou d&rsquo;autres entit\u00e9s avec lesquelles l&rsquo;op\u00e9rateur du site Web coop\u00e8re \u00e0 cet \u00e9gard.<\/li>\n<li>Informations sur les cookies.<\/li>\n<\/ol>\n<p style=\"text-align: center;\"><strong>Le site web utilise des cookies.<\/strong><\/p>\n<ol>\n<li>Les cookies (appel\u00e9s \u00ab\u00a0t\u00e9moins de connexion\u00a0\u00bb) sont des donn\u00e9es informatiques, en particulier des fichiers texte, qui sont stock\u00e9s dans l&rsquo;\u00e9quipement terminal de l&rsquo;utilisateur du service et sont destin\u00e9s \u00e0 \u00eatre utilis\u00e9s sur le site web. Les cookies contiennent g\u00e9n\u00e9ralement le nom du site web dont ils proviennent, la dur\u00e9e pendant laquelle ils sont stock\u00e9s sur l&rsquo;appareil final et un num\u00e9ro unique.<\/li>\n<li>L&rsquo;entit\u00e9 qui place les cookies sur l&rsquo;\u00e9quipement terminal de l&rsquo;utilisateur du service et qui y acc\u00e8de est l&rsquo;op\u00e9rateur du service.<\/li>\n<li>Les cookies sont utilis\u00e9s aux fins suivantes :\n<ol>\n<li>la cr\u00e9ation de statistiques qui nous aident \u00e0 comprendre comment les visiteurs du site Web utilisent les sites Web, ce qui nous permet d&rsquo;am\u00e9liorer leur structure et leur contenu ;<\/li>\n<li>maintenir une session de l&rsquo;utilisateur du service (apr\u00e8s s&rsquo;\u00eatre connect\u00e9), gr\u00e2ce \u00e0 laquelle l&rsquo;utilisateur n&rsquo;a pas besoin de r\u00e9introduire son login et son mot de passe sur chaque sous-page du service ;<\/li>\n<li>pour d\u00e9finir votre profil afin de vous pr\u00e9senter du mat\u00e9riel personnalis\u00e9 sur les r\u00e9seaux publicitaires, en particulier le r\u00e9seau Google.<\/li>\n<\/ol>\n<\/li>\n<li>Le site Web utilise deux principaux types de cookies : les \u00ab\u00a0cookies de session\u00a0\u00bb et les \u00ab\u00a0cookies permanents\u00a0\u00bb (cookies persistants). Les cookies de \u00ab\u00a0session\u00a0\u00bb sont des fichiers temporaires qui sont stock\u00e9s sur l&rsquo;\u00e9quipement terminal de l&rsquo;utilisateur jusqu&rsquo;\u00e0 ce que ce dernier se d\u00e9connecte, quitte le site web ou \u00e9teigne le logiciel (navigateur web). Les cookies \u00ab\u00a0permanents\u00a0\u00bb sont stock\u00e9s sur l&rsquo;\u00e9quipement terminal de l&rsquo;utilisateur pour la dur\u00e9e sp\u00e9cifi\u00e9e dans les param\u00e8tres des cookies ou jusqu&rsquo;\u00e0 ce qu&rsquo;ils soient supprim\u00e9s par l&rsquo;utilisateur.<\/li>\n<li>Le logiciel de navigation sur le web (navigateur web) permet g\u00e9n\u00e9ralement par d\u00e9faut de stocker des cookies sur l&rsquo;appareil terminal de l&rsquo;utilisateur. Les utilisateurs du service peuvent modifier leurs param\u00e8tres \u00e0 cet \u00e9gard. Votre navigateur web vous permet de supprimer les cookies. Il est \u00e9galement possible de bloquer automatiquement les cookies. Pour plus de d\u00e9tails, veuillez vous r\u00e9f\u00e9rer \u00e0 l&rsquo;aide ou \u00e0 la documentation de votre navigateur.<\/li>\n<li>Les restrictions relatives \u00e0 l&rsquo;utilisation des cookies peuvent affecter certaines des fonctionnalit\u00e9s disponibles sur le site web.<\/li>\n<li>Les cookies sont plac\u00e9s dans l&rsquo;\u00e9quipement terminal de l&rsquo;utilisateur du service et peuvent \u00e9galement \u00eatre utilis\u00e9s par les annonceurs et les partenaires qui coop\u00e8rent avec l&rsquo;op\u00e9rateur du service.<\/li>\n<li>Nous vous recommandons de lire les politiques de confidentialit\u00e9 de ces entreprises pour comprendre l&rsquo;utilisation des cookies utilis\u00e9s dans les statistiques : <u><br \/>\n  <a href=\"http:\/\/www.google.pl\/intl\/pl\/analytics\/privacyoverview.html\">R\u00e8gles de confidentialit\u00e9 de Google Analytics<\/a><br \/>\n<\/u><\/li>\n<li>Les cookies peuvent \u00eatre utilis\u00e9s par des r\u00e9seaux publicitaires, en particulier le r\u00e9seau Google, pour afficher des publicit\u00e9s adapt\u00e9es \u00e0 la fa\u00e7on dont vous utilisez le site Web. \u00c0 cette fin, ils peuvent conserver des informations sur le chemin de navigation de l&rsquo;utilisateur ou sur le temps qu&rsquo;il a pass\u00e9 sur une page donn\u00e9e.<\/li>\n<li>En ce qui concerne les informations sur les pr\u00e9f\u00e9rences des utilisateurs collect\u00e9es par le r\u00e9seau publicitaire de Google, l&rsquo;utilisateur peut visualiser et modifier les informations r\u00e9sultant des cookies \u00e0 l&rsquo;aide d&rsquo;un outil : <u><br \/>\n  <a href=\"https:\/\/www.google.com\/ads\/preferences\/\">https:\/\/www.google.com\/ads\/preferences\/<\/a><br \/>\n<\/u><\/li>\n<\/ol>\n<p style=\"text-align: center;\"><strong>Journaux du serveur.<\/strong><\/p>\n<ol>\n<li>Les informations relatives \u00e0 certains comportements des utilisateurs font l&rsquo;objet d&rsquo;une journalisation au niveau du serveur. Ces donn\u00e9es sont utilis\u00e9es exclusivement pour l&rsquo;administration du site web et pour garantir que les services d&rsquo;h\u00e9bergement fournis sont exploit\u00e9s aussi efficacement que possible.<\/li>\n<li>Les ressources consult\u00e9es sont identifi\u00e9es par des URL. En outre, l&rsquo;enregistrement peut \u00eatre soumis \u00e0 :\n<ol>\n<li>le moment de l&rsquo;enqu\u00eate,<\/li>\n<li>au moment de l&rsquo;envoi de la r\u00e9ponse,<\/li>\n<li>le nom de la station cliente &#8211; identification via le protocole HTTP,<\/li>\n<li>des informations sur les erreurs survenues pendant l&rsquo;ex\u00e9cution de la transaction HTTP,<\/li>\n<li>l&rsquo;URL d&rsquo;une page pr\u00e9c\u00e9demment visit\u00e9e par l&rsquo;utilisateur (lien r\u00e9f\u00e9rent), dans le cas d&rsquo;un lien vers le site web,<\/li>\n<li>des informations sur le navigateur de l&rsquo;utilisateur,<\/li>\n<li>Informations sur l&rsquo;adresse IP.<\/li>\n<\/ol>\n<\/li>\n<li>Les donn\u00e9es ci-dessus ne sont pas associ\u00e9es \u00e0 des visiteurs sp\u00e9cifiques.<\/li>\n<li>Les donn\u00e9es susmentionn\u00e9es ne sont utilis\u00e9es qu&rsquo;\u00e0 des fins d&rsquo;administration du serveur.<\/li>\n<\/ol>\n<p style=\"text-align: center;\"><strong>Partage des donn\u00e9es.<\/strong><\/p>\n<ol>\n<li>Les donn\u00e9es ne sont partag\u00e9es avec des parties externes que dans les limites de la loi.<\/li>\n<li>Les informations personnelles identifiables d&rsquo;une personne ne sont partag\u00e9es qu&rsquo;avec le consentement de cette personne.<\/li>\n<li>L&rsquo;op\u00e9rateur peut \u00eatre oblig\u00e9 de fournir des informations collect\u00e9es par le service aux autorit\u00e9s autoris\u00e9es sur la base de demandes l\u00e9gales, dans la mesure de la demande.<\/li>\n<\/ol>\n<p style=\"text-align: center;\"><strong>Gestion des cookies &#8211; comment donner et retirer son consentement dans la pratique ?<\/strong><\/p>\n<ol>\n<li>Si vous ne souhaitez pas recevoir de cookies, vous pouvez modifier les param\u00e8tres de votre navigateur. Veuillez noter que la d\u00e9sactivation des cookies essentiels aux processus d&rsquo;authentification, \u00e0 la s\u00e9curit\u00e9 et au maintien des pr\u00e9f\u00e9rences de l&rsquo;utilisateur peut rendre difficile, voire impossible dans des cas extr\u00eames, l&rsquo;utilisation des sites web.<\/li>\n<li>Pour g\u00e9rer vos param\u00e8tres de cookies, s\u00e9lectionnez votre navigateur\/syst\u00e8me Internet dans la liste ci-dessous et suivez les instructions :\n<ol>\n<li><u><a href=\"http:\/\/support.microsoft.com\/kb\/196955\">Internet Explorer<\/a><\/u><\/li>\n<li><u><a href=\"http:\/\/support.google.com\/chrome\/bin\/answer.py?hl=pl&amp;answer=95647\">Chrome<\/a><\/u><\/li>\n<li><u><a href=\"http:\/\/support.apple.com\/kb\/PH5042\">Safari<\/a><\/u><\/li>\n<li><u><a href=\"http:\/\/support.mozilla.org\/pl\/kb\/W%C5%82%C4%85czanie%20i%20wy%C5%82%C4%85czanie%20obs%C5%82ugi%20ciasteczek\">Firefox<\/a><\/u><\/li>\n<li><u><a href=\"http:\/\/help.opera.com\/Windows\/12.10\/pl\/cookies.html\">Op\u00e9ra<\/a><\/u><\/li>\n<li><u><a href=\"http:\/\/support.google.com\/chrome\/bin\/answer.py?hl=pl&amp;answer=95647\">Android<\/a><\/u><\/li>\n<li><u><a href=\"http:\/\/support.apple.com\/kb\/HT1677?viewlocale=pl_PL\">Safari (iOS)<\/a><\/u><\/li>\n<li><u><a href=\"http:\/\/www.windowsphone.com\/pl-pl\/how-to\/wp7\/web\/changing-privacy-and-other-browser-settings\">Windows Phone<\/a><\/u><\/li>\n<li><u><a href=\"http:\/\/docs.blackberry.com\/en\/smartphone_users\/deliverables\/32004\/Turn_off_cookies_in_the_browser_60_1072866_11.jsp\">Blackberry<\/a><\/u><\/li>\n<\/ol>\n<\/li>\n<\/ol>\n<\/div><\/div><\/div><\/div><\/div>\n","protected":false},"excerpt":{"rendered":"","protected":false},"author":1,"featured_media":0,"parent":0,"menu_order":0,"comment_status":"closed","ping_status":"open","template":"","meta":{"footnotes":""},"class_list":["post-3678","page","type-page","status-publish","hentry"],"yoast_head":"<!-- This site is optimized with the Yoast SEO plugin v27.5 - https:\/\/yoast.com\/product\/yoast-seo-wordpress\/ -->\n<title>Politique de confidentialit\u00e9 - Comfort Apartments<\/title>\n<meta name=\"robots\" content=\"index, follow, max-snippet:-1, max-image-preview:large, max-video-preview:-1\" \/>\n<link rel=\"canonical\" href=\"https:\/\/noclegioswiecim.eu\/fr\/?page_id=3678\" \/>\n<meta property=\"og:locale\" content=\"fr_FR\" \/>\n<meta property=\"og:type\" content=\"article\" \/>\n<meta property=\"og:title\" content=\"Politique de confidentialit\u00e9 - Comfort Apartments\" \/>\n<meta property=\"og:url\" content=\"https:\/\/noclegioswiecim.eu\/fr\/?page_id=3678\" \/>\n<meta property=\"og:site_name\" content=\"Comfort Apartments\" \/>\n<meta property=\"article:publisher\" content=\"https:\/\/www.facebook.com\/oswiecimapartments\/\" \/>\n<meta property=\"article:modified_time\" content=\"2024-03-22T10:03:07+00:00\" \/>\n<meta name=\"twitter:card\" content=\"summary_large_image\" \/>\n<meta name=\"twitter:label1\" content=\"Dur\u00e9e de lecture estim\u00e9e\" \/>\n\t<meta name=\"twitter:data1\" content=\"7 minutes\" \/>\n<script type=\"application\/ld+json\" class=\"yoast-schema-graph\">{\"@context\":\"https:\\\/\\\/schema.org\",\"@graph\":[{\"@type\":\"WebPage\",\"@id\":\"https:\\\/\\\/noclegioswiecim.eu\\\/fr\\\/?page_id=3678\",\"url\":\"https:\\\/\\\/noclegioswiecim.eu\\\/fr\\\/?page_id=3678\",\"name\":\"Politique de confidentialit\u00e9 - Comfort Apartments\",\"isPartOf\":{\"@id\":\"https:\\\/\\\/noclegioswiecim.eu\\\/#website\"},\"datePublished\":\"2023-01-23T22:45:43+00:00\",\"dateModified\":\"2024-03-22T10:03:07+00:00\",\"breadcrumb\":{\"@id\":\"https:\\\/\\\/noclegioswiecim.eu\\\/fr\\\/?page_id=3678#breadcrumb\"},\"inLanguage\":\"fr-FR\",\"potentialAction\":[{\"@type\":\"ReadAction\",\"target\":[\"https:\\\/\\\/noclegioswiecim.eu\\\/fr\\\/?page_id=3678\"]}]},{\"@type\":\"BreadcrumbList\",\"@id\":\"https:\\\/\\\/noclegioswiecim.eu\\\/fr\\\/?page_id=3678#breadcrumb\",\"itemListElement\":[{\"@type\":\"ListItem\",\"position\":1,\"name\":\"Strona g\u0142\u00f3wna\",\"item\":\"https:\\\/\\\/noclegioswiecim.eu\\\/fr\\\/\"},{\"@type\":\"ListItem\",\"position\":2,\"name\":\"Politique de confidentialit\u00e9\"}]},{\"@type\":\"WebSite\",\"@id\":\"https:\\\/\\\/noclegioswiecim.eu\\\/#website\",\"url\":\"https:\\\/\\\/noclegioswiecim.eu\\\/\",\"name\":\"Comfort Apartments\",\"description\":\"Noclegi O\u015bwi\u0119cim \\\/ Booking O\u015bwi\u0119cim\",\"publisher\":{\"@id\":\"https:\\\/\\\/noclegioswiecim.eu\\\/#organization\"},\"potentialAction\":[{\"@type\":\"SearchAction\",\"target\":{\"@type\":\"EntryPoint\",\"urlTemplate\":\"https:\\\/\\\/noclegioswiecim.eu\\\/?s={search_term_string}\"},\"query-input\":{\"@type\":\"PropertyValueSpecification\",\"valueRequired\":true,\"valueName\":\"search_term_string\"}}],\"inLanguage\":\"fr-FR\"},{\"@type\":\"Organization\",\"@id\":\"https:\\\/\\\/noclegioswiecim.eu\\\/#organization\",\"name\":\"Comfort Apartments\",\"url\":\"https:\\\/\\\/noclegioswiecim.eu\\\/\",\"logo\":{\"@type\":\"ImageObject\",\"inLanguage\":\"fr-FR\",\"@id\":\"https:\\\/\\\/noclegioswiecim.eu\\\/#\\\/schema\\\/logo\\\/image\\\/\",\"url\":\"https:\\\/\\\/noclegioswiecim.eu\\\/wp-content\\\/uploads\\\/2023\\\/02\\\/favicona.png\",\"contentUrl\":\"https:\\\/\\\/noclegioswiecim.eu\\\/wp-content\\\/uploads\\\/2023\\\/02\\\/favicona.png\",\"width\":200,\"height\":200,\"caption\":\"Comfort Apartments\"},\"image\":{\"@id\":\"https:\\\/\\\/noclegioswiecim.eu\\\/#\\\/schema\\\/logo\\\/image\\\/\"},\"sameAs\":[\"https:\\\/\\\/www.facebook.com\\\/oswiecimapartments\\\/\",\"https:\\\/\\\/goo.gl\\\/maps\\\/H9x6rxoZWfK3ad1j6\",\"https:\\\/\\\/www.instagram.com\\\/oswiecimapartments\\\/\"]}]}<\/script>\n<!-- \/ Yoast SEO plugin. -->","yoast_head_json":{"title":"Politique de confidentialit\u00e9 - Comfort Apartments","robots":{"index":"index","follow":"follow","max-snippet":"max-snippet:-1","max-image-preview":"max-image-preview:large","max-video-preview":"max-video-preview:-1"},"canonical":"https:\/\/noclegioswiecim.eu\/fr\/?page_id=3678","og_locale":"fr_FR","og_type":"article","og_title":"Politique de confidentialit\u00e9 - Comfort Apartments","og_url":"https:\/\/noclegioswiecim.eu\/fr\/?page_id=3678","og_site_name":"Comfort Apartments","article_publisher":"https:\/\/www.facebook.com\/oswiecimapartments\/","article_modified_time":"2024-03-22T10:03:07+00:00","twitter_card":"summary_large_image","twitter_misc":{"Dur\u00e9e de lecture estim\u00e9e":"7 minutes"},"schema":{"@context":"https:\/\/schema.org","@graph":[{"@type":"WebPage","@id":"https:\/\/noclegioswiecim.eu\/fr\/?page_id=3678","url":"https:\/\/noclegioswiecim.eu\/fr\/?page_id=3678","name":"Politique de confidentialit\u00e9 - Comfort Apartments","isPartOf":{"@id":"https:\/\/noclegioswiecim.eu\/#website"},"datePublished":"2023-01-23T22:45:43+00:00","dateModified":"2024-03-22T10:03:07+00:00","breadcrumb":{"@id":"https:\/\/noclegioswiecim.eu\/fr\/?page_id=3678#breadcrumb"},"inLanguage":"fr-FR","potentialAction":[{"@type":"ReadAction","target":["https:\/\/noclegioswiecim.eu\/fr\/?page_id=3678"]}]},{"@type":"BreadcrumbList","@id":"https:\/\/noclegioswiecim.eu\/fr\/?page_id=3678#breadcrumb","itemListElement":[{"@type":"ListItem","position":1,"name":"Strona g\u0142\u00f3wna","item":"https:\/\/noclegioswiecim.eu\/fr\/"},{"@type":"ListItem","position":2,"name":"Politique de confidentialit\u00e9"}]},{"@type":"WebSite","@id":"https:\/\/noclegioswiecim.eu\/#website","url":"https:\/\/noclegioswiecim.eu\/","name":"Comfort Apartments","description":"Noclegi O\u015bwi\u0119cim \/ Booking O\u015bwi\u0119cim","publisher":{"@id":"https:\/\/noclegioswiecim.eu\/#organization"},"potentialAction":[{"@type":"SearchAction","target":{"@type":"EntryPoint","urlTemplate":"https:\/\/noclegioswiecim.eu\/?s={search_term_string}"},"query-input":{"@type":"PropertyValueSpecification","valueRequired":true,"valueName":"search_term_string"}}],"inLanguage":"fr-FR"},{"@type":"Organization","@id":"https:\/\/noclegioswiecim.eu\/#organization","name":"Comfort Apartments","url":"https:\/\/noclegioswiecim.eu\/","logo":{"@type":"ImageObject","inLanguage":"fr-FR","@id":"https:\/\/noclegioswiecim.eu\/#\/schema\/logo\/image\/","url":"https:\/\/noclegioswiecim.eu\/wp-content\/uploads\/2023\/02\/favicona.png","contentUrl":"https:\/\/noclegioswiecim.eu\/wp-content\/uploads\/2023\/02\/favicona.png","width":200,"height":200,"caption":"Comfort Apartments"},"image":{"@id":"https:\/\/noclegioswiecim.eu\/#\/schema\/logo\/image\/"},"sameAs":["https:\/\/www.facebook.com\/oswiecimapartments\/","https:\/\/goo.gl\/maps\/H9x6rxoZWfK3ad1j6","https:\/\/www.instagram.com\/oswiecimapartments\/"]}]}},"_links":{"self":[{"href":"https:\/\/noclegioswiecim.eu\/fr\/wp-json\/wp\/v2\/pages\/3678","targetHints":{"allow":["GET"]}}],"collection":[{"href":"https:\/\/noclegioswiecim.eu\/fr\/wp-json\/wp\/v2\/pages"}],"about":[{"href":"https:\/\/noclegioswiecim.eu\/fr\/wp-json\/wp\/v2\/types\/page"}],"author":[{"embeddable":true,"href":"https:\/\/noclegioswiecim.eu\/fr\/wp-json\/wp\/v2\/users\/1"}],"replies":[{"embeddable":true,"href":"https:\/\/noclegioswiecim.eu\/fr\/wp-json\/wp\/v2\/comments?post=3678"}],"version-history":[{"count":2,"href":"https:\/\/noclegioswiecim.eu\/fr\/wp-json\/wp\/v2\/pages\/3678\/revisions"}],"predecessor-version":[{"id":3684,"href":"https:\/\/noclegioswiecim.eu\/fr\/wp-json\/wp\/v2\/pages\/3678\/revisions\/3684"}],"wp:attachment":[{"href":"https:\/\/noclegioswiecim.eu\/fr\/wp-json\/wp\/v2\/media?parent=3678"}],"curies":[{"name":"wp","href":"https:\/\/api.w.org\/{rel}","templated":true}]}}