{"id":1913,"date":"2023-01-23T23:45:43","date_gmt":"2023-01-23T22:45:43","guid":{"rendered":"https:\/\/noclegioswiecim.eu\/datenschutzbestimmungen\/"},"modified":"2024-03-19T08:30:13","modified_gmt":"2024-03-19T07:30:13","slug":"datenschutzbestimmungen","status":"publish","type":"page","link":"https:\/\/noclegioswiecim.eu\/de\/datenschutzbestimmungen\/","title":{"rendered":"Datenschutzbestimmungen"},"content":{"rendered":"<div class=\"fusion-fullwidth fullwidth-box fusion-builder-row-1 fusion-flex-container nonhundred-percent-fullwidth non-hundred-percent-height-scrolling\" style=\"--awb-border-radius-top-left:0px;--awb-border-radius-top-right:0px;--awb-border-radius-bottom-right:0px;--awb-border-radius-bottom-left:0px;--awb-flex-wrap:wrap;\" ><div class=\"fusion-builder-row fusion-row fusion-flex-align-items-flex-start fusion-flex-content-wrap\" style=\"max-width:1352px;margin-left: calc(-4% \/ 2 );margin-right: calc(-4% \/ 2 );\"><div class=\"fusion-layout-column fusion_builder_column fusion-builder-column-0 fusion_builder_column_1_1 1_1 fusion-flex-column\" style=\"--awb-bg-size:cover;--awb-width-large:100%;--awb-margin-top-large:0px;--awb-spacing-right-large:1.92%;--awb-margin-bottom-large:0px;--awb-spacing-left-large:1.92%;--awb-width-medium:100%;--awb-spacing-right-medium:1.92%;--awb-spacing-left-medium:1.92%;--awb-width-small:100%;--awb-spacing-right-small:1.92%;--awb-spacing-left-small:1.92%;\"><div class=\"fusion-column-wrapper fusion-flex-justify-content-flex-start fusion-content-layout-column\"><div class=\"fusion-text fusion-text-1\"><p style=\"text-align: center;\"><strong>Allgemeine Informationen.<\/strong><\/p>\n<ol>\n<li>Der Betreiber der Website <strong>noclegioswiecim.eu<\/strong> ist <strong>Sigma Artur M\u0142odzik, ul. Sakranusa 34, 32-600 O\u015bwi\u0119cim, NIP: PL 5491660799<\/strong><\/li>\n<li>Der Dienst f\u00fchrt Funktionen aus, um Informationen \u00fcber die Nutzer und ihr Verhalten auf folgende Weise zu erhalten:\n<ol>\n<li>Durch die freiwillige Eingabe von Informationen in die Formulare.<\/li>\n<li>Durch die Speicherung von Cookies (sog. &#8222;Cookies&#8220;) auf den Endger\u00e4ten.<\/li>\n<li>Durch die Sammlung von Webserver-Logs durch den Hosting-Betreiber lh.pl, der unter der Adresse lh.pl<\/li>\n<\/ol>\n<\/li>\n<\/ol>\n<p style=\"text-align: center;\"><strong>Informationen in den Formularen.<\/strong><\/p>\n<ol>\n<li>Der Dienst sammelt Informationen, die der Nutzer freiwillig zur Verf\u00fcgung stellt.<\/li>\n<li>Dar\u00fcber hinaus kann der Dienst Informationen \u00fcber die Verbindungsparameter (Zeitstempel, IP-Adresse) speichern.<\/li>\n<li>Die Daten im Formular werden nur mit Zustimmung des Nutzers an Dritte weitergegeben.<\/li>\n<li>Die im Formular angegebenen Daten k\u00f6nnen eine Reihe von potenziellen Kunden darstellen, die vom Betreiber der Website in dem vom Generalinspektor f\u00fcr den Schutz personenbezogener Daten gef\u00fchrten Register registriert werden.<\/li>\n<li>Die im Formular angegebenen Daten werden zu dem Zweck verarbeitet, der sich aus der Funktion des jeweiligen Formulars ergibt, z.B. um eine Serviceanfrage zu bearbeiten oder einen Vertriebskontakt herzustellen.<\/li>\n<li>Die in den Formularen angegebenen Daten k\u00f6nnen an Einrichtungen weitergeleitet werden, die bestimmte technische Dienstleistungen erbringen &#8211; dies betrifft insbesondere die Weitergabe von Informationen \u00fcber den Inhaber der registrierten Domain an Einrichtungen, die Betreiber von Internet-Domains sind (vor allem das Wissenschaftliche und Akademische Computernetzwerk j.b.r &#8211; NASK), Dienste, die Zahlungen abwickeln oder andere Einrichtungen, mit denen der Betreiber der Website in dieser Hinsicht zusammenarbeitet.<\/li>\n<li>Informationen \u00fcber Cookies.<\/li>\n<\/ol>\n<p style=\"text-align: center;\"><strong>Die Website verwendet Cookies.<\/strong><\/p>\n<ol>\n<li>Cookies (sog. &#8222;Cookies&#8220;) sind IT-Daten, insbesondere Textdateien, die im Endger\u00e4t des Dienstnutzers gespeichert werden und f\u00fcr die Nutzung der Website bestimmt sind. Cookies enthalten in der Regel den Namen der Website, von der sie stammen, die Dauer der Speicherung auf dem Endger\u00e4t und eine eindeutige Nummer.<\/li>\n<li>Die Stelle, die Cookies auf den Endger\u00e4ten der Nutzer platziert und Zugang zu ihnen erh\u00e4lt, ist der Betreiber des Dienstes.<\/li>\n<li>Cookies werden f\u00fcr die folgenden Zwecke verwendet:\n<ol>\n<li>die Erstellung von Statistiken, die uns helfen zu verstehen, wie die Besucher der Website die Websites nutzen, was es uns erm\u00f6glicht, deren Struktur und Inhalt zu verbessern;<\/li>\n<li>Aufrechterhaltung einer Sitzung des Nutzers des Dienstes (nach dem Einloggen), dank derer der Nutzer sein Login und sein Passwort nicht auf jeder Unterseite des Dienstes erneut eingeben muss;<\/li>\n<li>um Ihr Profil zu erstellen, damit Ihnen in Werbenetzwerken, insbesondere im Google-Netzwerk, ma\u00dfgeschneiderte Inhalte angezeigt werden k\u00f6nnen.<\/li>\n<\/ol>\n<\/li>\n<li>Die Website verwendet zwei Haupttypen von Cookies: &#8222;Sitzungscookies&#8220; und &#8222;permanente Cookies&#8220; (dauerhafte Cookies). &#8222;Session&#8220;-Cookies sind tempor\u00e4re Dateien, die auf dem Endger\u00e4t des Nutzers gespeichert werden, bis sich der Nutzer abmeldet, die Website verl\u00e4sst oder die Software (Webbrowser) ausschaltet. &#8222;Permanente&#8220; Cookies werden auf dem Endger\u00e4t des Nutzers f\u00fcr die in den Parametern der Cookies angegebene Zeit oder bis zu ihrer L\u00f6schung durch den Nutzer gespeichert.<\/li>\n<li>Die Web-Browsing-Software (Webbrowser) erlaubt in der Regel standardm\u00e4\u00dfig die Speicherung von Cookies auf dem Endger\u00e4t des Nutzers. Die Nutzer des Dienstes k\u00f6nnen ihre diesbez\u00fcglichen Einstellungen \u00e4ndern. Ihr Webbrowser erm\u00f6glicht es Ihnen, Cookies zu l\u00f6schen. Es ist auch m\u00f6glich, Cookies automatisch zu blockieren. Einzelheiten hierzu entnehmen Sie bitte der Hilfe oder Dokumentation Ihres Internet-Browsers.<\/li>\n<li>Einschr\u00e4nkungen bei der Verwendung von Cookies k\u00f6nnen einige der auf der Website verf\u00fcgbaren Funktionen beeintr\u00e4chtigen.<\/li>\n<li>Cookies werden auf dem Endger\u00e4t des Nutzers des Dienstes platziert und k\u00f6nnen auch von Werbetreibenden und Partnern, die mit dem Betreiber des Dienstes zusammenarbeiten, verwendet werden.<\/li>\n<li>Wir empfehlen, die Datenschutzrichtlinien dieser Unternehmen zu lesen, um die Verwendung von Cookies f\u00fcr Statistiken zu verstehen: <u><br \/>\n<a href=\"http:\/\/www.google.pl\/intl\/pl\/analytics\/privacyoverview.html\">Google Analytics Datenschutzrichtlinie<\/a><br \/>\n<\/u><\/li>\n<li>Cookies k\u00f6nnen von Werbenetzwerken, insbesondere dem Google-Netzwerk, verwendet werden, um Werbung anzuzeigen, die auf die Art und Weise, wie Sie die Website nutzen, zugeschnitten ist. Zu diesem Zweck k\u00f6nnen sie Informationen \u00fcber den Navigationspfad des Nutzers oder die Verweildauer auf einer bestimmten Seite aufbewahren.<\/li>\n<li>Was die vom Google-Werbenetzwerk gesammelten Informationen \u00fcber die Nutzerpr\u00e4ferenzen angeht, so kann der Nutzer die aus den Cookies resultierenden Informationen mit Hilfe eines Tools einsehen und bearbeiten: <u><br \/>\n<a href=\"https:\/\/www.google.com\/ads\/preferences\/\">https:\/\/www.google.com\/ads\/preferences\/<\/a><br \/>\n<\/u><\/li>\n<\/ol>\n<p style=\"text-align: center;\"><strong>Server-Protokolle.<\/strong><\/p>\n<ol>\n<li>Informationen \u00fcber ein bestimmtes Nutzerverhalten werden auf der Serverebene protokolliert. Diese Daten werden ausschlie\u00dflich f\u00fcr die Verwaltung der Website und f\u00fcr die Gew\u00e4hrleistung eines m\u00f6glichst effizienten Betriebs der angebotenen Hosting-Dienste verwendet.<\/li>\n<li>Die angezeigten Ressourcen sind durch URLs gekennzeichnet. Dar\u00fcber hinaus kann die Aufzeichnung Gegenstand einer \u00dcberpr\u00fcfung sein:\n<ol>\n<li>den Zeitpunkt der Untersuchung,<\/li>\n<li>Zeitpunkt der \u00dcbermittlung der Antwort,<\/li>\n<li>der Name der Client-Station &#8211; Identifizierung \u00fcber das HTTP-Protokoll,<\/li>\n<li>Informationen \u00fcber Fehler, die w\u00e4hrend der Ausf\u00fchrung der HTTP-Transaktion aufgetreten sind,<\/li>\n<li>die URL einer zuvor vom Nutzer besuchten Seite (Referer-Link), falls ein Link zur Website besteht,<\/li>\n<li>Informationen \u00fcber den Browser des Benutzers,<\/li>\n<li>Informationen zur IP-Adresse.<\/li>\n<\/ol>\n<\/li>\n<li>Die oben genannten Daten sind nicht mit bestimmten Besuchern verbunden.<\/li>\n<li>Die oben genannten Daten werden nur zum Zweck der Serververwaltung verwendet.<\/li>\n<\/ol>\n<p style=\"text-align: center;\"><strong>Gemeinsame Nutzung von Daten.<\/strong><\/p>\n<ol>\n<li>Die Weitergabe von Daten an externe Stellen erfolgt nur im Rahmen der gesetzlichen Bestimmungen.<\/li>\n<li>Pers\u00f6nlich identifizierbare Informationen einer Person werden nur mit deren Zustimmung weitergegeben.<\/li>\n<li>Der Betreiber kann verpflichtet sein, die durch den Dienst gesammelten Informationen auf der Grundlage rechtm\u00e4\u00dfiger Anfragen im Umfang der Anfrage an autorisierte Beh\u00f6rden weiterzugeben.<\/li>\n<\/ol>\n<p style=\"text-align: center;\"><strong>Umgang mit Cookies &#8211; wie kann die Zustimmung in der Praxis erteilt und zur\u00fcckgezogen werden?<\/strong><\/p>\n<ol>\n<li>Wenn Sie keine Cookies erhalten m\u00f6chten, k\u00f6nnen Sie Ihre Browsereinstellungen \u00e4ndern. Bitte beachten Sie, dass die Deaktivierung von Cookies, die f\u00fcr Authentifizierungsprozesse, die Sicherheit und die Beibehaltung von Benutzerpr\u00e4ferenzen unerl\u00e4sslich sind, die Nutzung der Websites erschweren und in extremen F\u00e4llen unm\u00f6glich machen kann.<\/li>\n<li>Um Ihre Cookie-Einstellungen zu verwalten, w\u00e4hlen Sie Ihren Internet-Browser bzw. Ihr System aus der nachstehenden Liste aus und folgen Sie den Anweisungen:\n<ol>\n<li><u><a href=\"http:\/\/support.microsoft.com\/kb\/196955\">Internet Explorer<\/a><\/u><\/li>\n<li><u><a href=\"http:\/\/support.google.com\/chrome\/bin\/answer.py?hl=pl&amp;answer=95647\">Chrom<\/a><\/u><\/li>\n<li><u><a href=\"http:\/\/support.apple.com\/kb\/PH5042\">Safari<\/a><\/u><\/li>\n<li><u><a href=\"http:\/\/support.mozilla.org\/pl\/kb\/W%C5%82%C4%85czanie%20i%20wy%C5%82%C4%85czanie%20obs%C5%82ugi%20ciasteczek\">Firefox<\/a><\/u><\/li>\n<li><u><a href=\"http:\/\/help.opera.com\/Windows\/12.10\/pl\/cookies.html\">Oper<\/a><\/u><\/li>\n<li><u><a href=\"http:\/\/support.google.com\/chrome\/bin\/answer.py?hl=pl&amp;answer=95647\">Android<\/a><\/u><\/li>\n<li><u><a href=\"http:\/\/support.apple.com\/kb\/HT1677?viewlocale=pl_PL\">Safari (iOS)<\/a><\/u><\/li>\n<li><u><a href=\"http:\/\/www.windowsphone.com\/pl-pl\/how-to\/wp7\/web\/changing-privacy-and-other-browser-settings\">Windows Phone<\/a><\/u><\/li>\n<li><u><a href=\"http:\/\/docs.blackberry.com\/en\/smartphone_users\/deliverables\/32004\/Turn_off_cookies_in_the_browser_60_1072866_11.jsp\">Blackberry<\/a><\/u><\/li>\n<\/ol>\n<\/li>\n<\/ol>\n<\/div><\/div><\/div><\/div><\/div>\n","protected":false},"excerpt":{"rendered":"","protected":false},"author":1,"featured_media":0,"parent":0,"menu_order":0,"comment_status":"closed","ping_status":"open","template":"","meta":{"footnotes":""},"class_list":["post-1913","page","type-page","status-publish","hentry"],"yoast_head":"<!-- This site is optimized with the Yoast SEO plugin v27.5 - https:\/\/yoast.com\/product\/yoast-seo-wordpress\/ -->\n<title>Datenschutzbestimmungen - Comfort Apartments<\/title>\n<meta name=\"robots\" content=\"index, follow, max-snippet:-1, max-image-preview:large, max-video-preview:-1\" \/>\n<link rel=\"canonical\" href=\"https:\/\/noclegioswiecim.eu\/de\/datenschutzbestimmungen\/\" \/>\n<meta property=\"og:locale\" content=\"de_DE\" \/>\n<meta property=\"og:type\" content=\"article\" \/>\n<meta property=\"og:title\" content=\"Datenschutzbestimmungen - Comfort Apartments\" \/>\n<meta property=\"og:url\" content=\"https:\/\/noclegioswiecim.eu\/de\/datenschutzbestimmungen\/\" \/>\n<meta property=\"og:site_name\" content=\"Comfort Apartments\" \/>\n<meta property=\"article:publisher\" content=\"https:\/\/www.facebook.com\/oswiecimapartments\/\" \/>\n<meta property=\"article:modified_time\" content=\"2024-03-19T07:30:13+00:00\" \/>\n<meta name=\"twitter:card\" content=\"summary_large_image\" \/>\n<meta name=\"twitter:label1\" content=\"Gesch\u00e4tzte Lesezeit\" \/>\n\t<meta name=\"twitter:data1\" content=\"6\u00a0Minuten\" \/>\n<script type=\"application\/ld+json\" class=\"yoast-schema-graph\">{\"@context\":\"https:\\\/\\\/schema.org\",\"@graph\":[{\"@type\":\"WebPage\",\"@id\":\"https:\\\/\\\/noclegioswiecim.eu\\\/de\\\/datenschutzbestimmungen\\\/\",\"url\":\"https:\\\/\\\/noclegioswiecim.eu\\\/de\\\/datenschutzbestimmungen\\\/\",\"name\":\"Datenschutzbestimmungen - Comfort Apartments\",\"isPartOf\":{\"@id\":\"https:\\\/\\\/noclegioswiecim.eu\\\/#website\"},\"datePublished\":\"2023-01-23T22:45:43+00:00\",\"dateModified\":\"2024-03-19T07:30:13+00:00\",\"breadcrumb\":{\"@id\":\"https:\\\/\\\/noclegioswiecim.eu\\\/de\\\/datenschutzbestimmungen\\\/#breadcrumb\"},\"inLanguage\":\"de\",\"potentialAction\":[{\"@type\":\"ReadAction\",\"target\":[\"https:\\\/\\\/noclegioswiecim.eu\\\/de\\\/datenschutzbestimmungen\\\/\"]}]},{\"@type\":\"BreadcrumbList\",\"@id\":\"https:\\\/\\\/noclegioswiecim.eu\\\/de\\\/datenschutzbestimmungen\\\/#breadcrumb\",\"itemListElement\":[{\"@type\":\"ListItem\",\"position\":1,\"name\":\"Strona g\u0142\u00f3wna\",\"item\":\"https:\\\/\\\/noclegioswiecim.eu\\\/de\\\/\"},{\"@type\":\"ListItem\",\"position\":2,\"name\":\"Datenschutzbestimmungen\"}]},{\"@type\":\"WebSite\",\"@id\":\"https:\\\/\\\/noclegioswiecim.eu\\\/#website\",\"url\":\"https:\\\/\\\/noclegioswiecim.eu\\\/\",\"name\":\"Comfort Apartments\",\"description\":\"Noclegi O\u015bwi\u0119cim \\\/ Booking O\u015bwi\u0119cim\",\"publisher\":{\"@id\":\"https:\\\/\\\/noclegioswiecim.eu\\\/#organization\"},\"potentialAction\":[{\"@type\":\"SearchAction\",\"target\":{\"@type\":\"EntryPoint\",\"urlTemplate\":\"https:\\\/\\\/noclegioswiecim.eu\\\/?s={search_term_string}\"},\"query-input\":{\"@type\":\"PropertyValueSpecification\",\"valueRequired\":true,\"valueName\":\"search_term_string\"}}],\"inLanguage\":\"de\"},{\"@type\":\"Organization\",\"@id\":\"https:\\\/\\\/noclegioswiecim.eu\\\/#organization\",\"name\":\"Comfort Apartments\",\"url\":\"https:\\\/\\\/noclegioswiecim.eu\\\/\",\"logo\":{\"@type\":\"ImageObject\",\"inLanguage\":\"de\",\"@id\":\"https:\\\/\\\/noclegioswiecim.eu\\\/#\\\/schema\\\/logo\\\/image\\\/\",\"url\":\"https:\\\/\\\/noclegioswiecim.eu\\\/wp-content\\\/uploads\\\/2023\\\/02\\\/favicona.png\",\"contentUrl\":\"https:\\\/\\\/noclegioswiecim.eu\\\/wp-content\\\/uploads\\\/2023\\\/02\\\/favicona.png\",\"width\":200,\"height\":200,\"caption\":\"Comfort Apartments\"},\"image\":{\"@id\":\"https:\\\/\\\/noclegioswiecim.eu\\\/#\\\/schema\\\/logo\\\/image\\\/\"},\"sameAs\":[\"https:\\\/\\\/www.facebook.com\\\/oswiecimapartments\\\/\",\"https:\\\/\\\/goo.gl\\\/maps\\\/H9x6rxoZWfK3ad1j6\",\"https:\\\/\\\/www.instagram.com\\\/oswiecimapartments\\\/\"]}]}<\/script>\n<!-- \/ Yoast SEO plugin. -->","yoast_head_json":{"title":"Datenschutzbestimmungen - Comfort Apartments","robots":{"index":"index","follow":"follow","max-snippet":"max-snippet:-1","max-image-preview":"max-image-preview:large","max-video-preview":"max-video-preview:-1"},"canonical":"https:\/\/noclegioswiecim.eu\/de\/datenschutzbestimmungen\/","og_locale":"de_DE","og_type":"article","og_title":"Datenschutzbestimmungen - Comfort Apartments","og_url":"https:\/\/noclegioswiecim.eu\/de\/datenschutzbestimmungen\/","og_site_name":"Comfort Apartments","article_publisher":"https:\/\/www.facebook.com\/oswiecimapartments\/","article_modified_time":"2024-03-19T07:30:13+00:00","twitter_card":"summary_large_image","twitter_misc":{"Gesch\u00e4tzte Lesezeit":"6\u00a0Minuten"},"schema":{"@context":"https:\/\/schema.org","@graph":[{"@type":"WebPage","@id":"https:\/\/noclegioswiecim.eu\/de\/datenschutzbestimmungen\/","url":"https:\/\/noclegioswiecim.eu\/de\/datenschutzbestimmungen\/","name":"Datenschutzbestimmungen - Comfort Apartments","isPartOf":{"@id":"https:\/\/noclegioswiecim.eu\/#website"},"datePublished":"2023-01-23T22:45:43+00:00","dateModified":"2024-03-19T07:30:13+00:00","breadcrumb":{"@id":"https:\/\/noclegioswiecim.eu\/de\/datenschutzbestimmungen\/#breadcrumb"},"inLanguage":"de","potentialAction":[{"@type":"ReadAction","target":["https:\/\/noclegioswiecim.eu\/de\/datenschutzbestimmungen\/"]}]},{"@type":"BreadcrumbList","@id":"https:\/\/noclegioswiecim.eu\/de\/datenschutzbestimmungen\/#breadcrumb","itemListElement":[{"@type":"ListItem","position":1,"name":"Strona g\u0142\u00f3wna","item":"https:\/\/noclegioswiecim.eu\/de\/"},{"@type":"ListItem","position":2,"name":"Datenschutzbestimmungen"}]},{"@type":"WebSite","@id":"https:\/\/noclegioswiecim.eu\/#website","url":"https:\/\/noclegioswiecim.eu\/","name":"Comfort Apartments","description":"Noclegi O\u015bwi\u0119cim \/ Booking O\u015bwi\u0119cim","publisher":{"@id":"https:\/\/noclegioswiecim.eu\/#organization"},"potentialAction":[{"@type":"SearchAction","target":{"@type":"EntryPoint","urlTemplate":"https:\/\/noclegioswiecim.eu\/?s={search_term_string}"},"query-input":{"@type":"PropertyValueSpecification","valueRequired":true,"valueName":"search_term_string"}}],"inLanguage":"de"},{"@type":"Organization","@id":"https:\/\/noclegioswiecim.eu\/#organization","name":"Comfort Apartments","url":"https:\/\/noclegioswiecim.eu\/","logo":{"@type":"ImageObject","inLanguage":"de","@id":"https:\/\/noclegioswiecim.eu\/#\/schema\/logo\/image\/","url":"https:\/\/noclegioswiecim.eu\/wp-content\/uploads\/2023\/02\/favicona.png","contentUrl":"https:\/\/noclegioswiecim.eu\/wp-content\/uploads\/2023\/02\/favicona.png","width":200,"height":200,"caption":"Comfort Apartments"},"image":{"@id":"https:\/\/noclegioswiecim.eu\/#\/schema\/logo\/image\/"},"sameAs":["https:\/\/www.facebook.com\/oswiecimapartments\/","https:\/\/goo.gl\/maps\/H9x6rxoZWfK3ad1j6","https:\/\/www.instagram.com\/oswiecimapartments\/"]}]}},"_links":{"self":[{"href":"https:\/\/noclegioswiecim.eu\/de\/wp-json\/wp\/v2\/pages\/1913","targetHints":{"allow":["GET"]}}],"collection":[{"href":"https:\/\/noclegioswiecim.eu\/de\/wp-json\/wp\/v2\/pages"}],"about":[{"href":"https:\/\/noclegioswiecim.eu\/de\/wp-json\/wp\/v2\/types\/page"}],"author":[{"embeddable":true,"href":"https:\/\/noclegioswiecim.eu\/de\/wp-json\/wp\/v2\/users\/1"}],"replies":[{"embeddable":true,"href":"https:\/\/noclegioswiecim.eu\/de\/wp-json\/wp\/v2\/comments?post=1913"}],"version-history":[{"count":4,"href":"https:\/\/noclegioswiecim.eu\/de\/wp-json\/wp\/v2\/pages\/1913\/revisions"}],"predecessor-version":[{"id":2132,"href":"https:\/\/noclegioswiecim.eu\/de\/wp-json\/wp\/v2\/pages\/1913\/revisions\/2132"}],"wp:attachment":[{"href":"https:\/\/noclegioswiecim.eu\/de\/wp-json\/wp\/v2\/media?parent=1913"}],"curies":[{"name":"wp","href":"https:\/\/api.w.org\/{rel}","templated":true}]}}