{"id":1868,"date":"2023-04-29T00:52:56","date_gmt":"2023-04-28T22:52:56","guid":{"rendered":"https:\/\/noclegioswiecim.eu\/meinungspolitik\/"},"modified":"2024-03-15T15:06:23","modified_gmt":"2024-03-15T14:06:23","slug":"meinungspolitik","status":"publish","type":"page","link":"https:\/\/noclegioswiecim.eu\/de\/meinungspolitik\/","title":{"rendered":"Meinungspolitik"},"content":{"rendered":"<div class=\"fusion-fullwidth fullwidth-box fusion-builder-row-1 fusion-flex-container has-pattern-background has-mask-background p-default nonhundred-percent-fullwidth non-hundred-percent-height-scrolling\" style=\"--awb-border-radius-top-left:0px;--awb-border-radius-top-right:0px;--awb-border-radius-bottom-right:0px;--awb-border-radius-bottom-left:0px;--awb-flex-wrap:wrap;\" ><div class=\"fusion-builder-row fusion-row fusion-flex-align-items-flex-start fusion-flex-content-wrap\" style=\"max-width:1352px;margin-left: calc(-4% \/ 2 );margin-right: calc(-4% \/ 2 );\"><div class=\"fusion-layout-column fusion_builder_column fusion-builder-column-0 fusion_builder_column_1_1 1_1 fusion-flex-column\" style=\"--awb-bg-size:cover;--awb-width-large:100%;--awb-margin-top-large:0px;--awb-spacing-right-large:1.92%;--awb-margin-bottom-large:0px;--awb-spacing-left-large:1.92%;--awb-width-medium:100%;--awb-spacing-right-medium:1.92%;--awb-spacing-left-medium:1.92%;--awb-width-small:100%;--awb-spacing-right-small:1.92%;--awb-spacing-left-small:1.92%;\"><div class=\"fusion-column-wrapper fusion-flex-justify-content-flex-start fusion-content-layout-column\"><div class=\"fusion-text fusion-text-1\"><h3>Es ist cool, dass du da bist, weil.<\/h3>\n<p>&#8230;unser Ziel ist es, Ihnen das ultimative Nutzererlebnis in Form von vollst\u00e4ndiger Transparenz auf unserer Website zu bieten. Wir m\u00f6chten Sie ermutigen, mehr \u00fcber den Inhalt der wichtigsten Dokumente zu erfahren, die unter Ber\u00fccksichtigung Ihrer Rechte und Bed\u00fcrfnisse erstellt wurden. Darin finden Sie Informationen dar\u00fcber, welche Regeln f\u00fcr die Darstellung von Inhalten auf unserer Website gelten, und Sie erfahren auch mehr \u00fcber die Ver\u00f6ffentlichung von Kundenrezensionen auf unserer Website.<\/p>\n<h3>Stellungnahmen auf unserer Website<\/h3>\n<p>Wenn Sie noclegioswiecim.eu besuchen, haben Sie die M\u00f6glichkeit, viele Kundenrezensionen zu lesen, die von unseren Kunden bei der Bewertung unserer Dienstleistungen und\/oder Produkte erstellt wurden. Alle Bewertungen stammen von bekannten Drittanbietern, namentlich Google-Bewertungen und Facebook-Bewertungen.<\/p>\n<p>Die vorgestellten Meinungen k\u00f6nnen Ihnen einen wertvollen Einblick in unsere Arbeitsweise und die Meinung anderer \u00fcber uns geben. Wir wissen auch, dass Sie eine informierte Entscheidung treffen wollen, wenn es darum geht, eine Ihren Bed\u00fcrfnissen entsprechende Unterkunft zu w\u00e4hlen. Deshalb tun wir unser M\u00f6glichstes, um sicherzustellen, dass<strong> die dargestellten Meinungen nur die wahren Gef\u00fchle unserer Kunden und Gesch\u00e4ftspartner wiedergeben<\/strong>.<\/p>\n<p>Daher werden alle Meinungen, die auf unserer Website ver\u00f6ffentlicht werden, ausschlie\u00dflich von Drittanbietern wie Google Opinions und Facebook Opinions \u00fcberpr\u00fcft. Wir m\u00f6chten Ihnen versichern, dass wir auf unserer Website keine Meinungen ver\u00f6ffentlichen, die in unserem Auftrag erstellt wurden.<\/p>\n<h3>Verfahren zur \u00dcberpr\u00fcfung von Stellungnahmen<\/h3>\n<p>Unser Beherbergungsbetrieb nimmt keinen Einfluss auf die dargestellten Bewertungen, da diese automatisch von externen Anbietern, n\u00e4mlich den oben genannten Diensten Google und Facebook, \u00fcberpr\u00fcft und ver\u00f6ffentlicht werden. Deshalb sehen Sie auf unserer Website nur, was die Nutzer der genannten Plattformen \u00fcber uns denken. Es ist eine einfache und ehrliche L\u00f6sung &#8211; wir glauben, dass auch Sie unseren Standpunkt teilen.<\/p>\n<p>Wir hoffen, dass die vorgelegten Stellungnahmen Ihnen die notwendigen Informationen \u00fcber die M\u00f6glichkeiten und die Qualit\u00e4t einer vollst\u00e4ndigen und zuverl\u00e4ssigen Zusammenarbeit mit uns geben werden. Au\u00dferdem erm\u00f6glichen sie Ihnen, eine fundierte Entscheidung \u00fcber die Nutzung unserer Dienstleistungen und\/oder Produkte zu treffen.<\/p>\n<p><strong>Wir sind offen f\u00fcr Gespr\u00e4che, wenn Sie also Fragen an uns haben, <\/strong><a href=\"https:\/\/noclegioswiecim.eu\/kontakt\/\">z\u00f6gern Sie bitte nicht, uns zu kontaktieren.<\/a><\/p>\n<p>Das Team der Comfort Apartments<\/p>\n<\/div><\/div><\/div><\/div><\/div>\n","protected":false},"excerpt":{"rendered":"","protected":false},"author":1,"featured_media":0,"parent":0,"menu_order":0,"comment_status":"closed","ping_status":"closed","template":"","meta":{"footnotes":""},"class_list":["post-1868","page","type-page","status-publish","hentry"],"yoast_head":"<!-- This site is optimized with the Yoast SEO plugin v27.5 - https:\/\/yoast.com\/product\/yoast-seo-wordpress\/ -->\n<title>Meinungspolitik - Comfort Apartments<\/title>\n<meta name=\"robots\" content=\"index, follow, max-snippet:-1, max-image-preview:large, max-video-preview:-1\" \/>\n<link rel=\"canonical\" href=\"https:\/\/noclegioswiecim.eu\/de\/meinungspolitik\/\" \/>\n<meta property=\"og:locale\" content=\"de_DE\" \/>\n<meta property=\"og:type\" content=\"article\" \/>\n<meta property=\"og:title\" content=\"Meinungspolitik - Comfort Apartments\" \/>\n<meta property=\"og:url\" content=\"https:\/\/noclegioswiecim.eu\/de\/meinungspolitik\/\" \/>\n<meta property=\"og:site_name\" content=\"Comfort Apartments\" \/>\n<meta property=\"article:publisher\" content=\"https:\/\/www.facebook.com\/oswiecimapartments\/\" \/>\n<meta property=\"article:modified_time\" content=\"2024-03-15T14:06:23+00:00\" \/>\n<meta name=\"twitter:card\" content=\"summary_large_image\" \/>\n<meta name=\"twitter:label1\" content=\"Gesch\u00e4tzte Lesezeit\" \/>\n\t<meta name=\"twitter:data1\" content=\"4\u00a0Minuten\" \/>\n<script type=\"application\/ld+json\" class=\"yoast-schema-graph\">{\"@context\":\"https:\\\/\\\/schema.org\",\"@graph\":[{\"@type\":\"WebPage\",\"@id\":\"https:\\\/\\\/noclegioswiecim.eu\\\/de\\\/meinungspolitik\\\/\",\"url\":\"https:\\\/\\\/noclegioswiecim.eu\\\/de\\\/meinungspolitik\\\/\",\"name\":\"Meinungspolitik - Comfort Apartments\",\"isPartOf\":{\"@id\":\"https:\\\/\\\/noclegioswiecim.eu\\\/#website\"},\"datePublished\":\"2023-04-28T22:52:56+00:00\",\"dateModified\":\"2024-03-15T14:06:23+00:00\",\"breadcrumb\":{\"@id\":\"https:\\\/\\\/noclegioswiecim.eu\\\/de\\\/meinungspolitik\\\/#breadcrumb\"},\"inLanguage\":\"de\",\"potentialAction\":[{\"@type\":\"ReadAction\",\"target\":[\"https:\\\/\\\/noclegioswiecim.eu\\\/de\\\/meinungspolitik\\\/\"]}]},{\"@type\":\"BreadcrumbList\",\"@id\":\"https:\\\/\\\/noclegioswiecim.eu\\\/de\\\/meinungspolitik\\\/#breadcrumb\",\"itemListElement\":[{\"@type\":\"ListItem\",\"position\":1,\"name\":\"Strona g\u0142\u00f3wna\",\"item\":\"https:\\\/\\\/noclegioswiecim.eu\\\/de\\\/\"},{\"@type\":\"ListItem\",\"position\":2,\"name\":\"Meinungspolitik\"}]},{\"@type\":\"WebSite\",\"@id\":\"https:\\\/\\\/noclegioswiecim.eu\\\/#website\",\"url\":\"https:\\\/\\\/noclegioswiecim.eu\\\/\",\"name\":\"Comfort Apartments\",\"description\":\"Noclegi O\u015bwi\u0119cim \\\/ Booking O\u015bwi\u0119cim\",\"publisher\":{\"@id\":\"https:\\\/\\\/noclegioswiecim.eu\\\/#organization\"},\"potentialAction\":[{\"@type\":\"SearchAction\",\"target\":{\"@type\":\"EntryPoint\",\"urlTemplate\":\"https:\\\/\\\/noclegioswiecim.eu\\\/?s={search_term_string}\"},\"query-input\":{\"@type\":\"PropertyValueSpecification\",\"valueRequired\":true,\"valueName\":\"search_term_string\"}}],\"inLanguage\":\"de\"},{\"@type\":\"Organization\",\"@id\":\"https:\\\/\\\/noclegioswiecim.eu\\\/#organization\",\"name\":\"Comfort Apartments\",\"url\":\"https:\\\/\\\/noclegioswiecim.eu\\\/\",\"logo\":{\"@type\":\"ImageObject\",\"inLanguage\":\"de\",\"@id\":\"https:\\\/\\\/noclegioswiecim.eu\\\/#\\\/schema\\\/logo\\\/image\\\/\",\"url\":\"https:\\\/\\\/noclegioswiecim.eu\\\/wp-content\\\/uploads\\\/2023\\\/02\\\/favicona.png\",\"contentUrl\":\"https:\\\/\\\/noclegioswiecim.eu\\\/wp-content\\\/uploads\\\/2023\\\/02\\\/favicona.png\",\"width\":200,\"height\":200,\"caption\":\"Comfort Apartments\"},\"image\":{\"@id\":\"https:\\\/\\\/noclegioswiecim.eu\\\/#\\\/schema\\\/logo\\\/image\\\/\"},\"sameAs\":[\"https:\\\/\\\/www.facebook.com\\\/oswiecimapartments\\\/\",\"https:\\\/\\\/goo.gl\\\/maps\\\/H9x6rxoZWfK3ad1j6\",\"https:\\\/\\\/www.instagram.com\\\/oswiecimapartments\\\/\"]}]}<\/script>\n<!-- \/ Yoast SEO plugin. -->","yoast_head_json":{"title":"Meinungspolitik - Comfort Apartments","robots":{"index":"index","follow":"follow","max-snippet":"max-snippet:-1","max-image-preview":"max-image-preview:large","max-video-preview":"max-video-preview:-1"},"canonical":"https:\/\/noclegioswiecim.eu\/de\/meinungspolitik\/","og_locale":"de_DE","og_type":"article","og_title":"Meinungspolitik - Comfort Apartments","og_url":"https:\/\/noclegioswiecim.eu\/de\/meinungspolitik\/","og_site_name":"Comfort Apartments","article_publisher":"https:\/\/www.facebook.com\/oswiecimapartments\/","article_modified_time":"2024-03-15T14:06:23+00:00","twitter_card":"summary_large_image","twitter_misc":{"Gesch\u00e4tzte Lesezeit":"4\u00a0Minuten"},"schema":{"@context":"https:\/\/schema.org","@graph":[{"@type":"WebPage","@id":"https:\/\/noclegioswiecim.eu\/de\/meinungspolitik\/","url":"https:\/\/noclegioswiecim.eu\/de\/meinungspolitik\/","name":"Meinungspolitik - Comfort Apartments","isPartOf":{"@id":"https:\/\/noclegioswiecim.eu\/#website"},"datePublished":"2023-04-28T22:52:56+00:00","dateModified":"2024-03-15T14:06:23+00:00","breadcrumb":{"@id":"https:\/\/noclegioswiecim.eu\/de\/meinungspolitik\/#breadcrumb"},"inLanguage":"de","potentialAction":[{"@type":"ReadAction","target":["https:\/\/noclegioswiecim.eu\/de\/meinungspolitik\/"]}]},{"@type":"BreadcrumbList","@id":"https:\/\/noclegioswiecim.eu\/de\/meinungspolitik\/#breadcrumb","itemListElement":[{"@type":"ListItem","position":1,"name":"Strona g\u0142\u00f3wna","item":"https:\/\/noclegioswiecim.eu\/de\/"},{"@type":"ListItem","position":2,"name":"Meinungspolitik"}]},{"@type":"WebSite","@id":"https:\/\/noclegioswiecim.eu\/#website","url":"https:\/\/noclegioswiecim.eu\/","name":"Comfort Apartments","description":"Noclegi O\u015bwi\u0119cim \/ Booking O\u015bwi\u0119cim","publisher":{"@id":"https:\/\/noclegioswiecim.eu\/#organization"},"potentialAction":[{"@type":"SearchAction","target":{"@type":"EntryPoint","urlTemplate":"https:\/\/noclegioswiecim.eu\/?s={search_term_string}"},"query-input":{"@type":"PropertyValueSpecification","valueRequired":true,"valueName":"search_term_string"}}],"inLanguage":"de"},{"@type":"Organization","@id":"https:\/\/noclegioswiecim.eu\/#organization","name":"Comfort Apartments","url":"https:\/\/noclegioswiecim.eu\/","logo":{"@type":"ImageObject","inLanguage":"de","@id":"https:\/\/noclegioswiecim.eu\/#\/schema\/logo\/image\/","url":"https:\/\/noclegioswiecim.eu\/wp-content\/uploads\/2023\/02\/favicona.png","contentUrl":"https:\/\/noclegioswiecim.eu\/wp-content\/uploads\/2023\/02\/favicona.png","width":200,"height":200,"caption":"Comfort Apartments"},"image":{"@id":"https:\/\/noclegioswiecim.eu\/#\/schema\/logo\/image\/"},"sameAs":["https:\/\/www.facebook.com\/oswiecimapartments\/","https:\/\/goo.gl\/maps\/H9x6rxoZWfK3ad1j6","https:\/\/www.instagram.com\/oswiecimapartments\/"]}]}},"_links":{"self":[{"href":"https:\/\/noclegioswiecim.eu\/de\/wp-json\/wp\/v2\/pages\/1868","targetHints":{"allow":["GET"]}}],"collection":[{"href":"https:\/\/noclegioswiecim.eu\/de\/wp-json\/wp\/v2\/pages"}],"about":[{"href":"https:\/\/noclegioswiecim.eu\/de\/wp-json\/wp\/v2\/types\/page"}],"author":[{"embeddable":true,"href":"https:\/\/noclegioswiecim.eu\/de\/wp-json\/wp\/v2\/users\/1"}],"replies":[{"embeddable":true,"href":"https:\/\/noclegioswiecim.eu\/de\/wp-json\/wp\/v2\/comments?post=1868"}],"version-history":[{"count":12,"href":"https:\/\/noclegioswiecim.eu\/de\/wp-json\/wp\/v2\/pages\/1868\/revisions"}],"predecessor-version":[{"id":1905,"href":"https:\/\/noclegioswiecim.eu\/de\/wp-json\/wp\/v2\/pages\/1868\/revisions\/1905"}],"wp:attachment":[{"href":"https:\/\/noclegioswiecim.eu\/de\/wp-json\/wp\/v2\/media?parent=1868"}],"curies":[{"name":"wp","href":"https:\/\/api.w.org\/{rel}","templated":true}]}}