{"id":2328,"date":"2023-04-29T00:52:56","date_gmt":"2023-04-28T22:52:56","guid":{"rendered":"https:\/\/noclegioswiecim.eu\/politika-stanovisek\/"},"modified":"2024-03-20T14:27:16","modified_gmt":"2024-03-20T13:27:16","slug":"politika-stanovisek","status":"publish","type":"page","link":"https:\/\/noclegioswiecim.eu\/cs\/politika-stanovisek\/","title":{"rendered":"Politika stanovisek"},"content":{"rendered":"<div class=\"fusion-fullwidth fullwidth-box fusion-builder-row-1 fusion-flex-container has-pattern-background has-mask-background p-default nonhundred-percent-fullwidth non-hundred-percent-height-scrolling\" style=\"--awb-border-radius-top-left:0px;--awb-border-radius-top-right:0px;--awb-border-radius-bottom-right:0px;--awb-border-radius-bottom-left:0px;--awb-flex-wrap:wrap;\" ><div class=\"fusion-builder-row fusion-row fusion-flex-align-items-flex-start fusion-flex-content-wrap\" style=\"max-width:1352px;margin-left: calc(-4% \/ 2 );margin-right: calc(-4% \/ 2 );\"><div class=\"fusion-layout-column fusion_builder_column fusion-builder-column-0 fusion_builder_column_1_1 1_1 fusion-flex-column\" style=\"--awb-bg-size:cover;--awb-width-large:100%;--awb-margin-top-large:0px;--awb-spacing-right-large:1.92%;--awb-margin-bottom-large:0px;--awb-spacing-left-large:1.92%;--awb-width-medium:100%;--awb-spacing-right-medium:1.92%;--awb-spacing-left-medium:1.92%;--awb-width-small:100%;--awb-spacing-right-small:1.92%;--awb-spacing-left-small:1.92%;\"><div class=\"fusion-column-wrapper fusion-flex-justify-content-flex-start fusion-content-layout-column\"><div class=\"fusion-text fusion-text-1\"><h3>Je skv\u011bl\u00e9, \u017ee tam jsi, proto\u017ee.<\/h3>\n<p>&#8230;na\u0161\u00edm posl\u00e1n\u00edm je poskytnout v\u00e1m maxim\u00e1ln\u00ed u\u017eivatelsk\u00fd z\u00e1\u017eitek v podob\u011b naprost\u00e9 transparentnosti na\u0161ich webov\u00fdch str\u00e1nek. Doporu\u010dujeme v\u00e1m, abyste se sezn\u00e1mili s obsahem kl\u00ed\u010dov\u00fdch dokument\u016f, kter\u00e9 byly vytvo\u0159eny s ohledem na va\u0161e pr\u00e1va a pot\u0159eby. Najdete v nich informace o tom, jak\u00e1 pravidla ovliv\u0148uj\u00ed prezentaci obsahu na na\u0161ich webov\u00fdch str\u00e1nk\u00e1ch, a dozv\u00edte se tak\u00e9 v\u00edce o zve\u0159ej\u0148ov\u00e1n\u00ed recenz\u00ed z\u00e1kazn\u00edk\u016f na na\u0161ich webov\u00fdch str\u00e1nk\u00e1ch.<\/p>\n<h3>N\u00e1zory prezentovan\u00e9 na na\u0161ich webov\u00fdch str\u00e1nk\u00e1ch<\/h3>\n<p>P\u0159i n\u00e1v\u0161t\u011bv\u011b webu noclegioswiecim.eu m\u00e1te mo\u017enost p\u0159e\u010d\u00edst si mnoho z\u00e1kaznick\u00fdch recenz\u00ed, kter\u00e9 vytvo\u0159ili na\u0161i z\u00e1kazn\u00edci p\u0159i hodnocen\u00ed na\u0161ich slu\u017eeb a\/nebo produkt\u016f. V\u0161echny recenze poch\u00e1zej\u00ed ze zn\u00e1m\u00fdch slu\u017eeb t\u0159et\u00edch stran, konkr\u00e9tn\u011b z recenz\u00ed Google a recenz\u00ed na Facebooku.<\/p>\n<p>Prezentovan\u00e9 n\u00e1zory v\u00e1m mohou poskytnout cenn\u00e9 informace o tom, jak pracujeme a co si o n\u00e1s mysl\u00ed ostatn\u00ed. V\u00edme tak\u00e9, \u017ee se p\u0159i v\u00fdb\u011bru ubytov\u00e1n\u00ed, kter\u00e9 odpov\u00edd\u00e1 va\u0161im pot\u0159eb\u00e1m, chcete rozhodovat informovan\u011b. Proto se sna\u017e\u00edme, aby<strong> prezentovan\u00e9 n\u00e1zory vyjad\u0159ovaly pouze skute\u010dn\u00e9 pocity na\u0161ich z\u00e1kazn\u00edk\u016f a obchodn\u00edch partner\u016f<\/strong>.<\/p>\n<p>Proto jsou v\u0161echny n\u00e1zory, kter\u00e9 byly zve\u0159ejn\u011bny na na\u0161ich webov\u00fdch str\u00e1nk\u00e1ch, ov\u011b\u0159ov\u00e1ny v\u00fdhradn\u011b poskytovateli t\u0159et\u00edch stran, jako jsou Google Opinions a Facebook Opinions. Chceme v\u00e1s ujistit, \u017ee na na\u0161ich webov\u00fdch str\u00e1nk\u00e1ch nezve\u0159ej\u0148ujeme \u017e\u00e1dn\u00e9 n\u00e1zory, kter\u00e9 byly vytvo\u0159eny na\u0161\u00edm jm\u00e9nem.<\/p>\n<h3>Postup p\u0159ezkoum\u00e1n\u00ed stanoviska<\/h3>\n<p>Na\u0161e ubytovac\u00ed za\u0159\u00edzen\u00ed neprov\u00e1d\u00ed \u017e\u00e1dn\u00e9 aktivity k ovlivn\u011bn\u00ed prezentovan\u00fdch recenz\u00ed, proto\u017ee ty jsou automaticky ov\u011b\u0159ov\u00e1ny a zve\u0159ej\u0148ov\u00e1ny extern\u00edmi poskytovateli, konkr\u00e9tn\u011b v\u00fd\u0161e zm\u00edn\u011bn\u00fdmi slu\u017ebami Google a Facebook. Proto na na\u0161ich webov\u00fdch str\u00e1nk\u00e1ch uvid\u00edte pouze to, co si o n\u00e1s mysl\u00ed u\u017eivatel\u00e9 v\u00fd\u0161e uveden\u00fdch platforem. Je to jednoduch\u00e9 a poctiv\u00e9 \u0159e\u0161en\u00ed &#8211; v\u011b\u0159\u00edme, \u017ee i vy sd\u00edl\u00edte n\u00e1\u0161 n\u00e1zor.<\/p>\n<p>Douf\u00e1me, \u017ee p\u0159edlo\u017een\u00e9 n\u00e1zory v\u00e1m poskytnou pot\u0159ebn\u00e9 informace o mo\u017enostech a kvalit\u011b spolupr\u00e1ce s n\u00e1mi v \u00faplnosti a spolehliv\u011b. Nav\u00edc v\u00e1m umo\u017en\u00ed u\u010dinit informovan\u00e9 rozhodnut\u00ed o vyu\u017e\u00edv\u00e1n\u00ed na\u0161ich slu\u017eeb a\/nebo produkt\u016f.<\/p>\n<p><strong>Jsme otev\u0159eni konverzaci, tak\u017ee pokud m\u00e1te n\u011bjak\u00e9 dotazy, <\/strong><a href=\"https:\/\/noclegioswiecim.eu\/cs\/?page_id=2314\">nev\u00e1hejte n\u00e1s kontaktovat.<\/a><\/p>\n<p>T\u00fdm Comfort Apartments<\/p>\n<\/div><\/div><\/div><\/div><\/div>\n","protected":false},"excerpt":{"rendered":"","protected":false},"author":1,"featured_media":0,"parent":0,"menu_order":0,"comment_status":"closed","ping_status":"closed","template":"","meta":{"footnotes":""},"class_list":["post-2328","page","type-page","status-publish","hentry"],"yoast_head":"<!-- This site is optimized with the Yoast SEO plugin v27.5 - https:\/\/yoast.com\/product\/yoast-seo-wordpress\/ -->\n<title>Politika stanovisek - Comfort Apartments<\/title>\n<meta name=\"robots\" content=\"index, follow, max-snippet:-1, max-image-preview:large, max-video-preview:-1\" \/>\n<link rel=\"canonical\" href=\"https:\/\/noclegioswiecim.eu\/cs\/politika-stanovisek\/\" \/>\n<meta property=\"og:locale\" content=\"cs_CZ\" \/>\n<meta property=\"og:type\" content=\"article\" \/>\n<meta property=\"og:title\" content=\"Politika stanovisek - Comfort Apartments\" \/>\n<meta property=\"og:url\" content=\"https:\/\/noclegioswiecim.eu\/cs\/politika-stanovisek\/\" \/>\n<meta property=\"og:site_name\" content=\"Comfort Apartments\" \/>\n<meta property=\"article:publisher\" content=\"https:\/\/www.facebook.com\/oswiecimapartments\/\" \/>\n<meta property=\"article:modified_time\" content=\"2024-03-20T13:27:16+00:00\" \/>\n<meta name=\"twitter:card\" content=\"summary_large_image\" \/>\n<meta name=\"twitter:label1\" content=\"Odhadovan\u00e1 doba \u010dten\u00ed\" \/>\n\t<meta name=\"twitter:data1\" content=\"4 minuty\" \/>\n<script type=\"application\/ld+json\" class=\"yoast-schema-graph\">{\"@context\":\"https:\\\/\\\/schema.org\",\"@graph\":[{\"@type\":\"WebPage\",\"@id\":\"https:\\\/\\\/noclegioswiecim.eu\\\/cs\\\/politika-stanovisek\\\/\",\"url\":\"https:\\\/\\\/noclegioswiecim.eu\\\/cs\\\/politika-stanovisek\\\/\",\"name\":\"Politika stanovisek - Comfort Apartments\",\"isPartOf\":{\"@id\":\"https:\\\/\\\/noclegioswiecim.eu\\\/#website\"},\"datePublished\":\"2023-04-28T22:52:56+00:00\",\"dateModified\":\"2024-03-20T13:27:16+00:00\",\"breadcrumb\":{\"@id\":\"https:\\\/\\\/noclegioswiecim.eu\\\/cs\\\/politika-stanovisek\\\/#breadcrumb\"},\"inLanguage\":\"cs\",\"potentialAction\":[{\"@type\":\"ReadAction\",\"target\":[\"https:\\\/\\\/noclegioswiecim.eu\\\/cs\\\/politika-stanovisek\\\/\"]}]},{\"@type\":\"BreadcrumbList\",\"@id\":\"https:\\\/\\\/noclegioswiecim.eu\\\/cs\\\/politika-stanovisek\\\/#breadcrumb\",\"itemListElement\":[{\"@type\":\"ListItem\",\"position\":1,\"name\":\"Strona g\u0142\u00f3wna\",\"item\":\"https:\\\/\\\/noclegioswiecim.eu\\\/cs\\\/\"},{\"@type\":\"ListItem\",\"position\":2,\"name\":\"Politika stanovisek\"}]},{\"@type\":\"WebSite\",\"@id\":\"https:\\\/\\\/noclegioswiecim.eu\\\/#website\",\"url\":\"https:\\\/\\\/noclegioswiecim.eu\\\/\",\"name\":\"Comfort Apartments\",\"description\":\"Noclegi O\u015bwi\u0119cim \\\/ Booking O\u015bwi\u0119cim\",\"publisher\":{\"@id\":\"https:\\\/\\\/noclegioswiecim.eu\\\/#organization\"},\"potentialAction\":[{\"@type\":\"SearchAction\",\"target\":{\"@type\":\"EntryPoint\",\"urlTemplate\":\"https:\\\/\\\/noclegioswiecim.eu\\\/?s={search_term_string}\"},\"query-input\":{\"@type\":\"PropertyValueSpecification\",\"valueRequired\":true,\"valueName\":\"search_term_string\"}}],\"inLanguage\":\"cs\"},{\"@type\":\"Organization\",\"@id\":\"https:\\\/\\\/noclegioswiecim.eu\\\/#organization\",\"name\":\"Comfort Apartments\",\"url\":\"https:\\\/\\\/noclegioswiecim.eu\\\/\",\"logo\":{\"@type\":\"ImageObject\",\"inLanguage\":\"cs\",\"@id\":\"https:\\\/\\\/noclegioswiecim.eu\\\/#\\\/schema\\\/logo\\\/image\\\/\",\"url\":\"https:\\\/\\\/noclegioswiecim.eu\\\/wp-content\\\/uploads\\\/2023\\\/02\\\/favicona.png\",\"contentUrl\":\"https:\\\/\\\/noclegioswiecim.eu\\\/wp-content\\\/uploads\\\/2023\\\/02\\\/favicona.png\",\"width\":200,\"height\":200,\"caption\":\"Comfort Apartments\"},\"image\":{\"@id\":\"https:\\\/\\\/noclegioswiecim.eu\\\/#\\\/schema\\\/logo\\\/image\\\/\"},\"sameAs\":[\"https:\\\/\\\/www.facebook.com\\\/oswiecimapartments\\\/\",\"https:\\\/\\\/goo.gl\\\/maps\\\/H9x6rxoZWfK3ad1j6\",\"https:\\\/\\\/www.instagram.com\\\/oswiecimapartments\\\/\"]}]}<\/script>\n<!-- \/ Yoast SEO plugin. -->","yoast_head_json":{"title":"Politika stanovisek - Comfort Apartments","robots":{"index":"index","follow":"follow","max-snippet":"max-snippet:-1","max-image-preview":"max-image-preview:large","max-video-preview":"max-video-preview:-1"},"canonical":"https:\/\/noclegioswiecim.eu\/cs\/politika-stanovisek\/","og_locale":"cs_CZ","og_type":"article","og_title":"Politika stanovisek - Comfort Apartments","og_url":"https:\/\/noclegioswiecim.eu\/cs\/politika-stanovisek\/","og_site_name":"Comfort Apartments","article_publisher":"https:\/\/www.facebook.com\/oswiecimapartments\/","article_modified_time":"2024-03-20T13:27:16+00:00","twitter_card":"summary_large_image","twitter_misc":{"Odhadovan\u00e1 doba \u010dten\u00ed":"4 minuty"},"schema":{"@context":"https:\/\/schema.org","@graph":[{"@type":"WebPage","@id":"https:\/\/noclegioswiecim.eu\/cs\/politika-stanovisek\/","url":"https:\/\/noclegioswiecim.eu\/cs\/politika-stanovisek\/","name":"Politika stanovisek - Comfort Apartments","isPartOf":{"@id":"https:\/\/noclegioswiecim.eu\/#website"},"datePublished":"2023-04-28T22:52:56+00:00","dateModified":"2024-03-20T13:27:16+00:00","breadcrumb":{"@id":"https:\/\/noclegioswiecim.eu\/cs\/politika-stanovisek\/#breadcrumb"},"inLanguage":"cs","potentialAction":[{"@type":"ReadAction","target":["https:\/\/noclegioswiecim.eu\/cs\/politika-stanovisek\/"]}]},{"@type":"BreadcrumbList","@id":"https:\/\/noclegioswiecim.eu\/cs\/politika-stanovisek\/#breadcrumb","itemListElement":[{"@type":"ListItem","position":1,"name":"Strona g\u0142\u00f3wna","item":"https:\/\/noclegioswiecim.eu\/cs\/"},{"@type":"ListItem","position":2,"name":"Politika stanovisek"}]},{"@type":"WebSite","@id":"https:\/\/noclegioswiecim.eu\/#website","url":"https:\/\/noclegioswiecim.eu\/","name":"Comfort Apartments","description":"Noclegi O\u015bwi\u0119cim \/ Booking O\u015bwi\u0119cim","publisher":{"@id":"https:\/\/noclegioswiecim.eu\/#organization"},"potentialAction":[{"@type":"SearchAction","target":{"@type":"EntryPoint","urlTemplate":"https:\/\/noclegioswiecim.eu\/?s={search_term_string}"},"query-input":{"@type":"PropertyValueSpecification","valueRequired":true,"valueName":"search_term_string"}}],"inLanguage":"cs"},{"@type":"Organization","@id":"https:\/\/noclegioswiecim.eu\/#organization","name":"Comfort Apartments","url":"https:\/\/noclegioswiecim.eu\/","logo":{"@type":"ImageObject","inLanguage":"cs","@id":"https:\/\/noclegioswiecim.eu\/#\/schema\/logo\/image\/","url":"https:\/\/noclegioswiecim.eu\/wp-content\/uploads\/2023\/02\/favicona.png","contentUrl":"https:\/\/noclegioswiecim.eu\/wp-content\/uploads\/2023\/02\/favicona.png","width":200,"height":200,"caption":"Comfort Apartments"},"image":{"@id":"https:\/\/noclegioswiecim.eu\/#\/schema\/logo\/image\/"},"sameAs":["https:\/\/www.facebook.com\/oswiecimapartments\/","https:\/\/goo.gl\/maps\/H9x6rxoZWfK3ad1j6","https:\/\/www.instagram.com\/oswiecimapartments\/"]}]}},"_links":{"self":[{"href":"https:\/\/noclegioswiecim.eu\/cs\/wp-json\/wp\/v2\/pages\/2328","targetHints":{"allow":["GET"]}}],"collection":[{"href":"https:\/\/noclegioswiecim.eu\/cs\/wp-json\/wp\/v2\/pages"}],"about":[{"href":"https:\/\/noclegioswiecim.eu\/cs\/wp-json\/wp\/v2\/types\/page"}],"author":[{"embeddable":true,"href":"https:\/\/noclegioswiecim.eu\/cs\/wp-json\/wp\/v2\/users\/1"}],"replies":[{"embeddable":true,"href":"https:\/\/noclegioswiecim.eu\/cs\/wp-json\/wp\/v2\/comments?post=2328"}],"version-history":[{"count":2,"href":"https:\/\/noclegioswiecim.eu\/cs\/wp-json\/wp\/v2\/pages\/2328\/revisions"}],"predecessor-version":[{"id":2334,"href":"https:\/\/noclegioswiecim.eu\/cs\/wp-json\/wp\/v2\/pages\/2328\/revisions\/2334"}],"wp:attachment":[{"href":"https:\/\/noclegioswiecim.eu\/cs\/wp-json\/wp\/v2\/media?parent=2328"}],"curies":[{"name":"wp","href":"https:\/\/api.w.org\/{rel}","templated":true}]}}